{"id":9060,"date":"2025-12-05T11:23:27","date_gmt":"2025-12-05T11:23:27","guid":{"rendered":"https:\/\/preike-28688.jana-osl.servebolt.cloud\/?page_id=9060"},"modified":"2026-02-26T04:47:16","modified_gmt":"2026-02-26T04:47:16","slug":"utstyrsutleie","status":"publish","type":"page","link":"https:\/\/preikestolenbasecamp.com\/en\/utstyrsutleie\/","title":{"rendered":"Equipment rental"},"content":{"rendered":"<div data-elementor-type=\"wp-page\" data-elementor-id=\"9060\" class=\"elementor elementor-9060\" data-elementor-post-type=\"page\">\n\t\t\t\t<div class=\"elementor-element elementor-element-29a6572 e-flex e-con-boxed e-con e-parent\" data-id=\"29a6572\" data-element_type=\"container\" data-e-type=\"container\">\n\t\t\t\t\t<div class=\"e-con-inner\">\n\t\t<div class=\"elementor-element elementor-element-e4ef3da e-con-full e-flex e-con e-child\" data-id=\"e4ef3da\" data-element_type=\"container\" data-e-type=\"container\">\n\t\t\t\t<div class=\"elementor-element elementor-element-c05f557 elementor-widget elementor-widget-heading\" data-id=\"c05f557\" data-element_type=\"widget\" data-e-type=\"widget\" data-widget_type=\"heading.default\">\n\t\t\t\t\t<h2 class=\"elementor-heading-title elementor-size-default\">Equipment hire &amp; sales<\/h2>\t\t\t\t<\/div>\n\t\t\t\t<div class=\"elementor-element elementor-element-47a9862b elementor-widget elementor-widget-text-editor\" data-id=\"47a9862b\" data-element_type=\"widget\" data-e-type=\"widget\" data-widget_type=\"text-editor.default\">\n\t\t\t\t\t\t\t\t\t<p>We have both rental and sales of jackets, trousers, shoes, snowshoes, walking poles, headlamps and backpacks. No need to book in advance, book on arrival at our Adventure Centre at the start of the trail.<\/p><p>You'll also find hiking food, kiosk products and information in our Adventure Centre<\/p>\t\t\t\t\t\t\t\t<\/div>\n\t\t\t\t<div class=\"elementor-element elementor-element-175fbf38 elementor-widget elementor-widget-text-editor\" data-id=\"175fbf38\" data-element_type=\"widget\" data-e-type=\"widget\" data-widget_type=\"text-editor.default\">\n\t\t\t\t\t\t\t\t\t<p><strong>Opening hours<\/strong><\/p><ul><li>March 9.00- 13.00<\/li><li>April 09.00- 17.00<\/li><li>May 8.00- 20.00<\/li><li>June-August 7.00- 21.00<\/li><li>September 07.00- 20.00<\/li><li>October 09.00- 17.00<\/li><li>November- March 09.00-13.00<\/li><\/ul>\t\t\t\t\t\t\t\t<\/div>\n\t\t\t\t<\/div>\n\t\t<div class=\"elementor-element elementor-element-4229aa1e e-con-full e-flex e-con e-child\" data-id=\"4229aa1e\" data-element_type=\"container\" data-e-type=\"container\">\n\t\t\t\t<div class=\"elementor-element elementor-element-7e7654d1 image-frame elementor-widget elementor-widget-image\" data-id=\"7e7654d1\" data-element_type=\"widget\" data-e-type=\"widget\" data-widget_type=\"image.default\">\n\t\t\t\t\t\t\t\t\t\t\t\t\t\t\t<img fetchpriority=\"high\" decoding=\"async\" width=\"972\" height=\"1024\" src=\"https:\/\/preikestolenbasecamp.com\/wp-content\/uploads\/2025\/12\/Frame-1984078364-22.png\" class=\"attachment-full size-full wp-image-9064\" alt=\"\" srcset=\"https:\/\/preikestolenbasecamp.com\/wp-content\/uploads\/2025\/12\/Frame-1984078364-22.png 972w, https:\/\/preikestolenbasecamp.com\/wp-content\/uploads\/2025\/12\/Frame-1984078364-22-285x300.png 285w, https:\/\/preikestolenbasecamp.com\/wp-content\/uploads\/2025\/12\/Frame-1984078364-22-768x809.png 768w\" sizes=\"(max-width: 972px) 100vw, 972px\" \/>\t\t\t\t\t\t\t\t\t\t\t\t\t\t\t<\/div>\n\t\t\t\t<\/div>\n\t\t\t\t\t<\/div>\n\t\t\t\t<\/div>\n\t\t<div class=\"elementor-element elementor-element-f8d3a17 e-flex e-con-boxed e-con e-parent\" data-id=\"f8d3a17\" data-element_type=\"container\" data-e-type=\"container\">\n\t\t\t\t\t<div class=\"e-con-inner\">\n\t\t\t\t<div class=\"elementor-element elementor-element-3f4ce5c elementor-widget elementor-widget-kilowott-related-products-carousel\" data-id=\"3f4ce5c\" data-element_type=\"widget\" data-e-type=\"widget\" data-widget_type=\"kilowott-related-products-carousel.default\">\n\t\t\t\t<div class=\"elementor-widget-container\">\n\t\t\t\t\t        <div class=\"kbw-related-products-carousel\">\n            <div class=\"kbw-rpc-header\">\n                <h2>Related products<\/h2>\n                <div class=\"kbw-rpc-nav\">\n                    <button class=\"kbw-rpc-prev\"><\/button>\n                    <button class=\"kbw-rpc-next\"><\/button>\n                <\/div>\n            <\/div>\n\n            <div class=\"kbw-rpc-slider swiper\">\n                <div class=\"swiper-wrapper\">\n                                            <div class=\"swiper-slide\">\n                            <div class=\"kbw-rpc-card\">\n                                \n                                <div class=\"kbw-rpc-image\">\n                                    <a href=\"https:\/\/preikestolenbasecamp.com\/en\/utleie-av-fjellsko-og-snobrodder\/\">                                                                            <img decoding=\"async\" src=\"https:\/\/preikestolenbasecamp.com\/wp-content\/uploads\/2025\/12\/Hiking_Boot_Rentals_Preikestolen_Basecamp-600x600-1.png\"\n                                            alt=\"Utleie av fjellsko og sn\u00f8brodder\">\n                                                                        <\/a>                                <\/div>\n\n                                <div class=\"kbw-rpc-content\">\n                                    <a href=\"https:\/\/preikestolenbasecamp.com\/en\/utleie-av-fjellsko-og-snobrodder\/\">                                    <h3 class=\"kbw-rpc-title\">Rental of hiking boots and snowboards<\/h3>\n                                    <\/a>                                <\/div>\n                            <\/div>\n                        <\/div>\n                                            <div class=\"swiper-slide\">\n                            <div class=\"kbw-rpc-card\">\n                                \n                                <div class=\"kbw-rpc-image\">\n                                    <a href=\"https:\/\/preikestolenbasecamp.com\/en\/utleie-av-hodelykt\/\">                                                                            <img decoding=\"async\" src=\"https:\/\/preikestolenbasecamp.com\/wp-content\/uploads\/2025\/12\/Frame-1984078335-3.jpg\"\n                                            alt=\"Utleie av hodelykt\">\n                                                                        <\/a>                                <\/div>\n\n                                <div class=\"kbw-rpc-content\">\n                                    <a href=\"https:\/\/preikestolenbasecamp.com\/en\/utleie-av-hodelykt\/\">                                    <h3 class=\"kbw-rpc-title\">Headlamp hire<\/h3>\n                                    <\/a>                                <\/div>\n                            <\/div>\n                        <\/div>\n                                            <div class=\"swiper-slide\">\n                            <div class=\"kbw-rpc-card\">\n                                \n                                <div class=\"kbw-rpc-image\">\n                                    <a href=\"https:\/\/preikestolenbasecamp.com\/en\/utleie-av-turstaver\/\">                                                                            <img decoding=\"async\" src=\"https:\/\/preikestolenbasecamp.com\/wp-content\/uploads\/2025\/12\/Staver.png\"\n                                            alt=\"Utleie av turstaver\">\n                                                                        <\/a>                                <\/div>\n\n                                <div class=\"kbw-rpc-content\">\n                                    <a href=\"https:\/\/preikestolenbasecamp.com\/en\/utleie-av-turstaver\/\">                                    <h3 class=\"kbw-rpc-title\">Hiking pole hire<\/h3>\n                                    <\/a>                                <\/div>\n                            <\/div>\n                        <\/div>\n                                            <div class=\"swiper-slide\">\n                            <div class=\"kbw-rpc-card\">\n                                \n                                <div class=\"kbw-rpc-image\">\n                                    <a href=\"https:\/\/preikestolenbasecamp.com\/en\/utleie-av-brodder\/\">                                                                            <img decoding=\"async\" src=\"https:\/\/preikestolenbasecamp.com\/wp-content\/uploads\/2025\/12\/Frame-1984078335-2-1.jpg\"\n                                            alt=\"Utleie av brodder\">\n                                                                        <\/a>                                <\/div>\n\n                                <div class=\"kbw-rpc-content\">\n                                    <a href=\"https:\/\/preikestolenbasecamp.com\/en\/utleie-av-brodder\/\">                                    <h3 class=\"kbw-rpc-title\">Rental of stingers<\/h3>\n                                    <\/a>                                <\/div>\n                            <\/div>\n                        <\/div>\n                                            <div class=\"swiper-slide\">\n                            <div class=\"kbw-rpc-card\">\n                                \n                                <div class=\"kbw-rpc-image\">\n                                    <a href=\"https:\/\/preikestolenbasecamp.com\/en\/utleie-av-turbukse\/\">                                                                            <img decoding=\"async\" src=\"https:\/\/preikestolenbasecamp.com\/wp-content\/uploads\/2025\/12\/Frame-1984078335-4.jpg\"\n                                            alt=\"Utleie av turbukse\">\n                                                                        <\/a>                                <\/div>\n\n                                <div class=\"kbw-rpc-content\">\n                                    <a href=\"https:\/\/preikestolenbasecamp.com\/en\/utleie-av-turbukse\/\">                                    <h3 class=\"kbw-rpc-title\">Rental of hiking trousers<\/h3>\n                                    <\/a>                                <\/div>\n                            <\/div>\n                        <\/div>\n                                            <div class=\"swiper-slide\">\n                            <div class=\"kbw-rpc-card\">\n                                \n                                <div class=\"kbw-rpc-image\">\n                                    <a href=\"https:\/\/preikestolenbasecamp.com\/en\/utleie-av-turjakke\/\">                                                                            <img decoding=\"async\" src=\"https:\/\/preikestolenbasecamp.com\/wp-content\/uploads\/2025\/12\/Frame-1984078335-1-1.jpg\"\n                                            alt=\"Utleie av turjakke\">\n                                                                        <\/a>                                <\/div>\n\n                                <div class=\"kbw-rpc-content\">\n                                    <a href=\"https:\/\/preikestolenbasecamp.com\/en\/utleie-av-turjakke\/\">                                    <h3 class=\"kbw-rpc-title\">Hiking jacket hire<\/h3>\n                                    <\/a>                                <\/div>\n                            <\/div>\n                        <\/div>\n                                    <\/div>\n            <\/div>\n        <\/div>\n        \t\t\t\t<\/div>\n\t\t\t\t<\/div>\n\t\t\t\t\t<\/div>\n\t\t\t\t<\/div>\n\t\t\t\t<\/div>","protected":false},"excerpt":{"rendered":"<p>Utleie &amp; salg av utstyr Vi har b\u00e5de utleie og salg av jakker, bukser, sko, sn\u00f8brodder, g\u00e5staver, hodelykt og ryggsekk. Ingen behov for forh\u00e5ndsbestilling, book ved ankomst i v\u00e5rt Adventure Center i starten av stien. Du finner ogs\u00e5 turmat, kioskvarer og informasjon i v\u00e5rt Adventure Center \u00c5pningstider Mars 9.00- 13.00 April 09.00- 17.00 Mai 8.00- [&hellip;]<\/p>\n","protected":false},"author":6,"featured_media":0,"parent":0,"menu_order":0,"comment_status":"closed","ping_status":"closed","template":"elementor_header_footer","meta":{"footnotes":""},"class_list":["post-9060","page","type-page","status-publish","hentry"],"_links":{"self":[{"href":"https:\/\/preikestolenbasecamp.com\/en\/wp-json\/wp\/v2\/pages\/9060","targetHints":{"allow":["GET"]}}],"collection":[{"href":"https:\/\/preikestolenbasecamp.com\/en\/wp-json\/wp\/v2\/pages"}],"about":[{"href":"https:\/\/preikestolenbasecamp.com\/en\/wp-json\/wp\/v2\/types\/page"}],"author":[{"embeddable":true,"href":"https:\/\/preikestolenbasecamp.com\/en\/wp-json\/wp\/v2\/users\/6"}],"replies":[{"embeddable":true,"href":"https:\/\/preikestolenbasecamp.com\/en\/wp-json\/wp\/v2\/comments?post=9060"}],"version-history":[{"count":1,"href":"https:\/\/preikestolenbasecamp.com\/en\/wp-json\/wp\/v2\/pages\/9060\/revisions"}],"predecessor-version":[{"id":15836,"href":"https:\/\/preikestolenbasecamp.com\/en\/wp-json\/wp\/v2\/pages\/9060\/revisions\/15836"}],"wp:attachment":[{"href":"https:\/\/preikestolenbasecamp.com\/en\/wp-json\/wp\/v2\/media?parent=9060"}],"curies":[{"name":"wp","href":"https:\/\/api.w.org\/{rel}","templated":true}]}}