{"id":7451,"date":"2025-11-25T06:28:08","date_gmt":"2025-11-25T06:28:08","guid":{"rendered":"https:\/\/preike-28688.jana-osl.servebolt.cloud\/?page_id=7451"},"modified":"2026-02-05T06:29:29","modified_gmt":"2026-02-05T06:29:29","slug":"peisestua","status":"publish","type":"page","link":"https:\/\/preikestolenbasecamp.com\/en\/peisestua\/","title":{"rendered":"Meeting room Fireplace lounge"},"content":{"rendered":"<div data-elementor-type=\"wp-page\" data-elementor-id=\"7451\" class=\"elementor elementor-7451\" data-elementor-post-type=\"page\">\n\t\t\t\t<div class=\"elementor-element elementor-element-691770d0 e-flex e-con-boxed e-con e-parent\" data-id=\"691770d0\" data-element_type=\"container\" data-e-type=\"container\">\n\t\t\t\t\t<div class=\"e-con-inner\">\n\t\t<div class=\"elementor-element elementor-element-aa1f1e4 e-con-full e-flex e-con e-child\" data-id=\"aa1f1e4\" data-element_type=\"container\" data-e-type=\"container\">\n\t\t\t\t<div class=\"elementor-element elementor-element-65d18266   elementor-widget elementor-widget-image\" data-id=\"65d18266\" data-element_type=\"widget\" data-e-type=\"widget\" data-widget_type=\"image.default\">\n\t\t\t\t\t\t\t\t\t\t\t\t\t\t\t<img fetchpriority=\"high\" decoding=\"async\" width=\"800\" height=\"1016\" src=\"https:\/\/preikestolenbasecamp.com\/wp-content\/uploads\/2025\/11\/Frame-1984078364-20.png\" class=\"attachment-full size-full wp-image-7424\" alt=\"\" srcset=\"https:\/\/preikestolenbasecamp.com\/wp-content\/uploads\/2025\/11\/Frame-1984078364-20.png 800w, https:\/\/preikestolenbasecamp.com\/wp-content\/uploads\/2025\/11\/Frame-1984078364-20-236x300.png 236w, https:\/\/preikestolenbasecamp.com\/wp-content\/uploads\/2025\/11\/Frame-1984078364-20-768x975.png 768w\" sizes=\"(max-width: 800px) 100vw, 800px\" \/>\t\t\t\t\t\t\t\t\t\t\t\t\t\t\t<\/div>\n\t\t\t\t<\/div>\n\t\t<div class=\"elementor-element elementor-element-8a00152 e-con-full e-flex e-con e-child\" data-id=\"8a00152\" data-element_type=\"container\" data-e-type=\"container\">\n\t\t\t\t<div class=\"elementor-element elementor-element-179e5024 elementor-widget elementor-widget-heading\" data-id=\"179e5024\" data-element_type=\"widget\" data-e-type=\"widget\" data-widget_type=\"heading.default\">\n\t\t\t\t\t<h2 class=\"elementor-heading-title elementor-size-default\">Meeting room Fireplace lounge<\/h2>\t\t\t\t<\/div>\n\t\t\t\t<div class=\"elementor-element elementor-element-60225f83 elementor-widget elementor-widget-text-editor\" data-id=\"60225f83\" data-element_type=\"widget\" data-e-type=\"widget\" data-widget_type=\"text-editor.default\">\n\t\t\t\t\t\t\t\t\t<p>Our meeting room Peisestua is located on the first floor of Fjellstua and can accommodate up to 25 people. The meeting room is located just inside the restaurant, which means it's a short walk to and from meals. The fireplace room has beautiful views of Refsvatnet and the surrounding mountains and is equipped with sun protection and curtains for closed meetings. The meeting room has modern AV equipment such as a large flat screen, connection via Bluetooth or HDMI cable, as well as camera and sound equipment.\u00a0 \u00a0 \u00a0\u00a0<\/p>\t\t\t\t\t\t\t\t<\/div>\n\t\t\t\t<div class=\"elementor-element elementor-element-f2730b8 event-list elementor-widget elementor-widget-text-editor\" data-id=\"f2730b8\" data-element_type=\"widget\" data-e-type=\"widget\" data-widget_type=\"text-editor.default\">\n\t\t\t\t\t\t\t\t\t<ul class=\"event-list\"><li>Room for 25 people<\/li><li>Modern AV equipment<\/li><\/ul>\t\t\t\t\t\t\t\t<\/div>\n\t\t\t\t<div class=\"elementor-element elementor-element-2ca9c73 mobile-full-btn elementor-widget elementor-widget-button\" data-id=\"2ca9c73\" data-element_type=\"widget\" data-e-type=\"widget\" data-widget_type=\"button.default\">\n\t\t\t\t\t\t\t\t\t\t<a class=\"elementor-button elementor-button-link elementor-size-sm\" href=\"https:\/\/preikestolenbasecamp.com\/en\/kontakt\/\">\n\t\t\t\t\t\t<span class=\"elementor-button-content-wrapper\">\n\t\t\t\t\t\t\t\t\t<span class=\"elementor-button-text\">Book a meeting room<\/span>\n\t\t\t\t\t<\/span>\n\t\t\t\t\t<\/a>\n\t\t\t\t\t\t\t\t<\/div>\n\t\t\t\t<\/div>\n\t\t\t\t\t<\/div>\n\t\t\t\t<\/div>\n\t\t<div class=\"elementor-element elementor-element-1b3d10a e-flex e-con-boxed e-con e-parent\" data-id=\"1b3d10a\" data-element_type=\"container\" data-e-type=\"container\">\n\t\t\t\t\t<div class=\"e-con-inner\">\n\t\t\t\t<div class=\"elementor-element elementor-element-9fad6fd elementor-widget elementor-widget-kilowott-related-products-carousel\" data-id=\"9fad6fd\" data-element_type=\"widget\" data-e-type=\"widget\" data-widget_type=\"kilowott-related-products-carousel.default\">\n\t\t\t\t<div class=\"elementor-widget-container\">\n\t\t\t\t\t        <div class=\"kbw-related-products-carousel\">\n            <div class=\"kbw-rpc-header\">\n                <h2>Related products<\/h2>\n                <div class=\"kbw-rpc-nav\">\n                    <button class=\"kbw-rpc-prev\"><\/button>\n                    <button class=\"kbw-rpc-next\"><\/button>\n                <\/div>\n            <\/div>\n\n            <div class=\"kbw-rpc-slider swiper\">\n                <div class=\"swiper-wrapper\">\n                                            <div class=\"swiper-slide\">\n                            <div class=\"kbw-rpc-card\">\n                                \n                                <div class=\"kbw-rpc-image\">\n                                    <a href=\"https:\/\/preikestolenbasecamp.com\/en\/refsaa\/\">                                                                            <img decoding=\"async\" src=\"https:\/\/preikestolenbasecamp.com\/wp-content\/uploads\/2025\/12\/Frame-1984079393.jpg\"\n                                            alt=\"M\u00f8terom Refs\u00e5\">\n                                                                        <\/a>                                <\/div>\n\n                                <div class=\"kbw-rpc-content\">\n                                    <a href=\"https:\/\/preikestolenbasecamp.com\/en\/refsaa\/\">                                    <h3 class=\"kbw-rpc-title\">Meeting Room Refs\u00e5<\/h3>\n                                    <\/a>                                <\/div>\n                            <\/div>\n                        <\/div>\n                                            <div class=\"swiper-slide\">\n                            <div class=\"kbw-rpc-card\">\n                                \n                                <div class=\"kbw-rpc-image\">\n                                    <a href=\"https:\/\/preikestolenbasecamp.com\/en\/skagen\/\">                                                                            <img decoding=\"async\" src=\"https:\/\/preikestolenbasecamp.com\/wp-content\/uploads\/2025\/12\/Frame-1984079392.jpg\"\n                                            alt=\"M\u00f8terom Skagen\">\n                                                                        <\/a>                                <\/div>\n\n                                <div class=\"kbw-rpc-content\">\n                                    <a href=\"https:\/\/preikestolenbasecamp.com\/en\/skagen\/\">                                    <h3 class=\"kbw-rpc-title\">Meeting Room Skagen<\/h3>\n                                    <\/a>                                <\/div>\n                            <\/div>\n                        <\/div>\n                                    <\/div>\n            <\/div>\n        <\/div>\n        \t\t\t\t<\/div>\n\t\t\t\t<\/div>\n\t\t\t\t\t<\/div>\n\t\t\t\t<\/div>\n\t\t\t\t<\/div>","protected":false},"excerpt":{"rendered":"<p>M\u00f8terom Peisestua V\u00e5rt m\u00f8terom Peisestua ligger i 1 etg p\u00e5 Fjellstua og har plass til opptil 25 personer. M\u00f8terommet ligger like innenfor restauranten som betyr at det er kort vei til og fra m\u00e5ltidene. Peisestua har nydelig utsikt over Refsvatnet og fjellene rundt og er utstyrt med solskjerming og gardiner for lukkede m\u00f8ter. M\u00f8terommet har [&hellip;]<\/p>\n","protected":false},"author":6,"featured_media":0,"parent":0,"menu_order":0,"comment_status":"closed","ping_status":"closed","template":"elementor_header_footer","meta":{"footnotes":""},"class_list":["post-7451","page","type-page","status-publish","hentry"],"_links":{"self":[{"href":"https:\/\/preikestolenbasecamp.com\/en\/wp-json\/wp\/v2\/pages\/7451","targetHints":{"allow":["GET"]}}],"collection":[{"href":"https:\/\/preikestolenbasecamp.com\/en\/wp-json\/wp\/v2\/pages"}],"about":[{"href":"https:\/\/preikestolenbasecamp.com\/en\/wp-json\/wp\/v2\/types\/page"}],"author":[{"embeddable":true,"href":"https:\/\/preikestolenbasecamp.com\/en\/wp-json\/wp\/v2\/users\/6"}],"replies":[{"embeddable":true,"href":"https:\/\/preikestolenbasecamp.com\/en\/wp-json\/wp\/v2\/comments?post=7451"}],"version-history":[{"count":4,"href":"https:\/\/preikestolenbasecamp.com\/en\/wp-json\/wp\/v2\/pages\/7451\/revisions"}],"predecessor-version":[{"id":15437,"href":"https:\/\/preikestolenbasecamp.com\/en\/wp-json\/wp\/v2\/pages\/7451\/revisions\/15437"}],"wp:attachment":[{"href":"https:\/\/preikestolenbasecamp.com\/en\/wp-json\/wp\/v2\/media?parent=7451"}],"curies":[{"name":"wp","href":"https:\/\/api.w.org\/{rel}","templated":true}]}}