{"id":7437,"date":"2025-11-25T05:19:51","date_gmt":"2025-11-25T05:19:51","guid":{"rendered":"https:\/\/preike-28688.jana-osl.servebolt.cloud\/?page_id=7437"},"modified":"2026-02-05T06:20:30","modified_gmt":"2026-02-05T06:20:30","slug":"skagen","status":"publish","type":"page","link":"https:\/\/preikestolenbasecamp.com\/en\/skagen\/","title":{"rendered":"Meeting Room Skagen"},"content":{"rendered":"<div data-elementor-type=\"wp-page\" data-elementor-id=\"7437\" class=\"elementor elementor-7437\" data-elementor-post-type=\"page\">\n\t\t\t\t<div class=\"elementor-element elementor-element-ed28a74 e-flex e-con-boxed e-con e-parent\" data-id=\"ed28a74\" data-element_type=\"container\" data-e-type=\"container\">\n\t\t\t\t\t<div class=\"e-con-inner\">\n\t\t<div class=\"elementor-element elementor-element-f7623c1 e-con-full e-flex e-con e-child\" data-id=\"f7623c1\" data-element_type=\"container\" data-e-type=\"container\">\n\t\t\t\t<div class=\"elementor-element elementor-element-1e0e0d5   elementor-widget elementor-widget-image\" data-id=\"1e0e0d5\" data-element_type=\"widget\" data-e-type=\"widget\" data-widget_type=\"image.default\">\n\t\t\t\t\t\t\t\t\t\t\t\t\t\t\t<img fetchpriority=\"high\" decoding=\"async\" width=\"800\" height=\"1016\" src=\"https:\/\/preikestolenbasecamp.com\/wp-content\/uploads\/2025\/11\/Frame-1984078364-19.png\" class=\"attachment-full size-full wp-image-7425\" alt=\"\" srcset=\"https:\/\/preikestolenbasecamp.com\/wp-content\/uploads\/2025\/11\/Frame-1984078364-19.png 800w, https:\/\/preikestolenbasecamp.com\/wp-content\/uploads\/2025\/11\/Frame-1984078364-19-236x300.png 236w, https:\/\/preikestolenbasecamp.com\/wp-content\/uploads\/2025\/11\/Frame-1984078364-19-768x975.png 768w\" sizes=\"(max-width: 800px) 100vw, 800px\" \/>\t\t\t\t\t\t\t\t\t\t\t\t\t\t\t<\/div>\n\t\t\t\t<\/div>\n\t\t<div class=\"elementor-element elementor-element-1d4c29e e-con-full e-flex e-con e-child\" data-id=\"1d4c29e\" data-element_type=\"container\" data-e-type=\"container\">\n\t\t\t\t<div class=\"elementor-element elementor-element-43192f6 elementor-widget elementor-widget-heading\" data-id=\"43192f6\" data-element_type=\"widget\" data-e-type=\"widget\" data-widget_type=\"heading.default\">\n\t\t\t\t\t<h2 class=\"elementor-heading-title elementor-size-default\">Meeting Room Skagen<\/h2>\t\t\t\t<\/div>\n\t\t\t\t<div class=\"elementor-element elementor-element-864c05b elementor-widget elementor-widget-text-editor\" data-id=\"864c05b\" data-element_type=\"widget\" data-e-type=\"widget\" data-widget_type=\"text-editor.default\">\n\t\t\t\t\t\t\t\t\t<p>Our Skagen meeting room is located on the second floor of the Fjellstua and can accommodate up to 30 people. The meeting room is located just above the restaurant, which means it's a short walk to and from meals. Skagen also has an extra room that can be used to store luggage before and after check-in\/check-out or as a group room. The meeting room has modern AV equipment such as a large flat screen, connection via Clickshare (Bluetooth) or HDMI cable, as well as camera and sound equipment if required.<\/p>\t\t\t\t\t\t\t\t<\/div>\n\t\t\t\t<div class=\"elementor-element elementor-element-f3c72a6 event-list elementor-widget elementor-widget-text-editor\" data-id=\"f3c72a6\" data-element_type=\"widget\" data-e-type=\"widget\" data-widget_type=\"text-editor.default\">\n\t\t\t\t\t\t\t\t\t<ul class=\"event-list\"><li>Room for 30 people<\/li><li>Modern AV equipment<\/li><\/ul>\t\t\t\t\t\t\t\t<\/div>\n\t\t\t\t<div class=\"elementor-element elementor-element-cd715c7 mobile-full-btn elementor-widget elementor-widget-button\" data-id=\"cd715c7\" data-element_type=\"widget\" data-e-type=\"widget\" data-widget_type=\"button.default\">\n\t\t\t\t\t\t\t\t\t\t<a class=\"elementor-button elementor-button-link elementor-size-sm\" href=\"https:\/\/preikestolenbasecamp.com\/en\/kontakt\/\">\n\t\t\t\t\t\t<span class=\"elementor-button-content-wrapper\">\n\t\t\t\t\t\t\t\t\t<span class=\"elementor-button-text\">Book a meeting room<\/span>\n\t\t\t\t\t<\/span>\n\t\t\t\t\t<\/a>\n\t\t\t\t\t\t\t\t<\/div>\n\t\t\t\t<\/div>\n\t\t\t\t\t<\/div>\n\t\t\t\t<\/div>\n\t\t<div class=\"elementor-element elementor-element-21425cd e-flex e-con-boxed e-con e-parent\" data-id=\"21425cd\" data-element_type=\"container\" data-e-type=\"container\">\n\t\t\t\t\t<div class=\"e-con-inner\">\n\t\t\t\t<div class=\"elementor-element elementor-element-c47d847 elementor-widget elementor-widget-kilowott-related-products-carousel\" data-id=\"c47d847\" data-element_type=\"widget\" data-e-type=\"widget\" data-widget_type=\"kilowott-related-products-carousel.default\">\n\t\t\t\t<div class=\"elementor-widget-container\">\n\t\t\t\t\t        <div class=\"kbw-related-products-carousel\">\n            <div class=\"kbw-rpc-header\">\n                <h2>Related products<\/h2>\n                <div class=\"kbw-rpc-nav\">\n                    <button class=\"kbw-rpc-prev\"><\/button>\n                    <button class=\"kbw-rpc-next\"><\/button>\n                <\/div>\n            <\/div>\n\n            <div class=\"kbw-rpc-slider swiper\">\n                <div class=\"swiper-wrapper\">\n                                            <div class=\"swiper-slide\">\n                            <div class=\"kbw-rpc-card\">\n                                \n                                <div class=\"kbw-rpc-image\">\n                                    <a href=\"https:\/\/preikestolenbasecamp.com\/en\/refsaa\/\">                                                                            <img decoding=\"async\" src=\"https:\/\/preikestolenbasecamp.com\/wp-content\/uploads\/2025\/12\/Frame-1984079393.jpg\"\n                                            alt=\"M\u00f8terom Refs\u00e5\">\n                                                                        <\/a>                                <\/div>\n\n                                <div class=\"kbw-rpc-content\">\n                                    <a href=\"https:\/\/preikestolenbasecamp.com\/en\/refsaa\/\">                                    <h3 class=\"kbw-rpc-title\">Meeting Room Refs\u00e5<\/h3>\n                                    <\/a>                                <\/div>\n                            <\/div>\n                        <\/div>\n                                            <div class=\"swiper-slide\">\n                            <div class=\"kbw-rpc-card\">\n                                \n                                <div class=\"kbw-rpc-image\">\n                                    <a href=\"https:\/\/preikestolenbasecamp.com\/en\/peisestua\/\">                                                                            <img decoding=\"async\" src=\"https:\/\/preikestolenbasecamp.com\/wp-content\/uploads\/2025\/12\/Frame-1984079394.jpg\"\n                                            alt=\"M\u00f8terom Peisestua\">\n                                                                        <\/a>                                <\/div>\n\n                                <div class=\"kbw-rpc-content\">\n                                    <a href=\"https:\/\/preikestolenbasecamp.com\/en\/peisestua\/\">                                    <h3 class=\"kbw-rpc-title\">Meeting room Fireplace lounge<\/h3>\n                                    <\/a>                                <\/div>\n                            <\/div>\n                        <\/div>\n                                    <\/div>\n            <\/div>\n        <\/div>\n        \t\t\t\t<\/div>\n\t\t\t\t<\/div>\n\t\t\t\t\t<\/div>\n\t\t\t\t<\/div>\n\t\t\t\t<\/div>","protected":false},"excerpt":{"rendered":"<p>M\u00f8terom Skagen V\u00e5rt m\u00f8terom Skagen ligger i 2 etg p\u00e5 fjellstua og har plass til opptil 30 personer. M\u00f8terommet ligger like over restauranten som betyr at det er kort vei til og fra m\u00e5ltidene. Skagen har ogs\u00e5 et ekstra rom som kan brukes til \u00e5 oppbevare bagasje f\u00f8r og etter inn\/utsjekk eller som grupperom. M\u00f8terommet [&hellip;]<\/p>\n","protected":false},"author":6,"featured_media":0,"parent":0,"menu_order":0,"comment_status":"closed","ping_status":"closed","template":"elementor_header_footer","meta":{"footnotes":""},"class_list":["post-7437","page","type-page","status-publish","hentry"],"_links":{"self":[{"href":"https:\/\/preikestolenbasecamp.com\/en\/wp-json\/wp\/v2\/pages\/7437","targetHints":{"allow":["GET"]}}],"collection":[{"href":"https:\/\/preikestolenbasecamp.com\/en\/wp-json\/wp\/v2\/pages"}],"about":[{"href":"https:\/\/preikestolenbasecamp.com\/en\/wp-json\/wp\/v2\/types\/page"}],"author":[{"embeddable":true,"href":"https:\/\/preikestolenbasecamp.com\/en\/wp-json\/wp\/v2\/users\/6"}],"replies":[{"embeddable":true,"href":"https:\/\/preikestolenbasecamp.com\/en\/wp-json\/wp\/v2\/comments?post=7437"}],"version-history":[{"count":8,"href":"https:\/\/preikestolenbasecamp.com\/en\/wp-json\/wp\/v2\/pages\/7437\/revisions"}],"predecessor-version":[{"id":15692,"href":"https:\/\/preikestolenbasecamp.com\/en\/wp-json\/wp\/v2\/pages\/7437\/revisions\/15692"}],"wp:attachment":[{"href":"https:\/\/preikestolenbasecamp.com\/en\/wp-json\/wp\/v2\/media?parent=7437"}],"curies":[{"name":"wp","href":"https:\/\/api.w.org\/{rel}","templated":true}]}}