{"id":7420,"date":"2025-11-25T04:49:13","date_gmt":"2025-11-25T04:49:13","guid":{"rendered":"https:\/\/preike-28688.jana-osl.servebolt.cloud\/?page_id=7420"},"modified":"2026-02-05T06:25:09","modified_gmt":"2026-02-05T06:25:09","slug":"refsaa","status":"publish","type":"page","link":"https:\/\/preikestolenbasecamp.com\/en\/refsaa\/","title":{"rendered":"Meeting Room Refs\u00e5"},"content":{"rendered":"<div data-elementor-type=\"wp-page\" data-elementor-id=\"7420\" class=\"elementor elementor-7420\" data-elementor-post-type=\"page\">\n\t\t\t\t<div class=\"elementor-element elementor-element-23cca78f e-flex e-con-boxed e-con e-parent\" data-id=\"23cca78f\" data-element_type=\"container\" data-e-type=\"container\">\n\t\t\t\t\t<div class=\"e-con-inner\">\n\t\t<div class=\"elementor-element elementor-element-7d602b83 e-con-full e-flex e-con e-child\" data-id=\"7d602b83\" data-element_type=\"container\" data-e-type=\"container\">\n\t\t\t\t<div class=\"elementor-element elementor-element-73370ef3   elementor-widget elementor-widget-image\" data-id=\"73370ef3\" data-element_type=\"widget\" data-e-type=\"widget\" data-widget_type=\"image.default\">\n\t\t\t\t\t\t\t\t\t\t\t\t\t\t\t<img fetchpriority=\"high\" decoding=\"async\" width=\"800\" height=\"1016\" src=\"https:\/\/preikestolenbasecamp.com\/wp-content\/uploads\/2025\/11\/Frame-1984078364-18.png\" class=\"attachment-full size-full wp-image-7426\" alt=\"\" srcset=\"https:\/\/preikestolenbasecamp.com\/wp-content\/uploads\/2025\/11\/Frame-1984078364-18.png 800w, https:\/\/preikestolenbasecamp.com\/wp-content\/uploads\/2025\/11\/Frame-1984078364-18-236x300.png 236w, https:\/\/preikestolenbasecamp.com\/wp-content\/uploads\/2025\/11\/Frame-1984078364-18-768x975.png 768w\" sizes=\"(max-width: 800px) 100vw, 800px\" \/>\t\t\t\t\t\t\t\t\t\t\t\t\t\t\t<\/div>\n\t\t\t\t<\/div>\n\t\t<div class=\"elementor-element elementor-element-6cf59059 e-con-full e-flex e-con e-child\" data-id=\"6cf59059\" data-element_type=\"container\" data-e-type=\"container\">\n\t\t\t\t<div class=\"elementor-element elementor-element-58a1533c elementor-widget elementor-widget-heading\" data-id=\"58a1533c\" data-element_type=\"widget\" data-e-type=\"widget\" data-widget_type=\"heading.default\">\n\t\t\t\t\t<h2 class=\"elementor-heading-title elementor-size-default\">Meeting Room Refs\u00e5<\/h2>\t\t\t\t<\/div>\n\t\t\t\t<div class=\"elementor-element elementor-element-2cecf1b2 elementor-widget elementor-widget-text-editor\" data-id=\"2cecf1b2\" data-element_type=\"widget\" data-e-type=\"widget\" data-widget_type=\"text-editor.default\">\n\t\t\t\t\t\t\t\t\t<p>Our meeting room Refs\u00e5 is located in the basement of the historic Preikestol cabin, which was built in 1949. Refs\u00e5 is our largest meeting room and can accommodate up to 50 people.<br \/>Refs\u00e5 was refurbished in 2024 and has lovely views of Refsvannet and the surrounding mountains. The meeting room has modern AV equipment such as a large flat screen, connection via Bluetooth or HDMI cable, as well as camera and sound equipment and sun protection. There is also a cosy fireplace lounge upstairs that can be used as a group room.<\/p>\t\t\t\t\t\t\t\t<\/div>\n\t\t\t\t<div class=\"elementor-element elementor-element-28adbf57 event-list elementor-widget elementor-widget-text-editor\" data-id=\"28adbf57\" data-element_type=\"widget\" data-e-type=\"widget\" data-widget_type=\"text-editor.default\">\n\t\t\t\t\t\t\t\t\t<ul class=\"event-list\"><li>Seats up to 50 people<\/li><li>Modern AV equipment<\/li><\/ul>\t\t\t\t\t\t\t\t<\/div>\n\t\t\t\t<div class=\"elementor-element elementor-element-75c734d mobile-full-btn elementor-widget elementor-widget-button\" data-id=\"75c734d\" data-element_type=\"widget\" data-e-type=\"widget\" data-widget_type=\"button.default\">\n\t\t\t\t\t\t\t\t\t\t<a class=\"elementor-button elementor-button-link elementor-size-sm\" href=\"https:\/\/preikestolenbasecamp.com\/en\/kontakt\/\">\n\t\t\t\t\t\t<span class=\"elementor-button-content-wrapper\">\n\t\t\t\t\t\t\t\t\t<span class=\"elementor-button-text\">Book a meeting room<\/span>\n\t\t\t\t\t<\/span>\n\t\t\t\t\t<\/a>\n\t\t\t\t\t\t\t\t<\/div>\n\t\t\t\t<\/div>\n\t\t\t\t\t<\/div>\n\t\t\t\t<\/div>\n\t\t<div class=\"elementor-element elementor-element-f2a2b6e e-flex e-con-boxed e-con e-parent\" data-id=\"f2a2b6e\" data-element_type=\"container\" data-e-type=\"container\">\n\t\t\t\t\t<div class=\"e-con-inner\">\n\t\t\t\t<div class=\"elementor-element elementor-element-e7c6686 elementor-widget elementor-widget-kilowott-related-products-carousel\" data-id=\"e7c6686\" data-element_type=\"widget\" data-e-type=\"widget\" data-widget_type=\"kilowott-related-products-carousel.default\">\n\t\t\t\t<div class=\"elementor-widget-container\">\n\t\t\t\t\t        <div class=\"kbw-related-products-carousel\">\n            <div class=\"kbw-rpc-header\">\n                <h2>Related products<\/h2>\n                <div class=\"kbw-rpc-nav\">\n                    <button class=\"kbw-rpc-prev\"><\/button>\n                    <button class=\"kbw-rpc-next\"><\/button>\n                <\/div>\n            <\/div>\n\n            <div class=\"kbw-rpc-slider swiper\">\n                <div class=\"swiper-wrapper\">\n                                            <div class=\"swiper-slide\">\n                            <div class=\"kbw-rpc-card\">\n                                \n                                <div class=\"kbw-rpc-image\">\n                                    <a href=\"https:\/\/preikestolenbasecamp.com\/en\/skagen\/\">                                                                            <img decoding=\"async\" src=\"https:\/\/preikestolenbasecamp.com\/wp-content\/uploads\/2025\/12\/Frame-1984078364-24.png\"\n                                            alt=\"M\u00f8terom Skagen\">\n                                                                        <\/a>                                <\/div>\n\n                                <div class=\"kbw-rpc-content\">\n                                    <a href=\"https:\/\/preikestolenbasecamp.com\/en\/skagen\/\">                                    <h3 class=\"kbw-rpc-title\">Meeting Room Skagen<\/h3>\n                                    <\/a>                                <\/div>\n                            <\/div>\n                        <\/div>\n                                            <div class=\"swiper-slide\">\n                            <div class=\"kbw-rpc-card\">\n                                \n                                <div class=\"kbw-rpc-image\">\n                                    <a href=\"https:\/\/preikestolenbasecamp.com\/en\/peisestua\/\">                                                                            <img decoding=\"async\" src=\"https:\/\/preikestolenbasecamp.com\/wp-content\/uploads\/2025\/12\/Frame-1984079394.jpg\"\n                                            alt=\"M\u00f8terom Peisestua\">\n                                                                        <\/a>                                <\/div>\n\n                                <div class=\"kbw-rpc-content\">\n                                    <a href=\"https:\/\/preikestolenbasecamp.com\/en\/peisestua\/\">                                    <h3 class=\"kbw-rpc-title\">Meeting room Fireplace lounge<\/h3>\n                                    <\/a>                                <\/div>\n                            <\/div>\n                        <\/div>\n                                    <\/div>\n            <\/div>\n        <\/div>\n        \t\t\t\t<\/div>\n\t\t\t\t<\/div>\n\t\t\t\t\t<\/div>\n\t\t\t\t<\/div>\n\t\t\t\t<\/div>","protected":false},"excerpt":{"rendered":"<p>M\u00f8terom Refs\u00e5 V\u00e5rt m\u00f8terom Refs\u00e5 ligger i kjelleren p\u00e5 den historiske Preikestolhytta som ble bygget i 1949. Refs\u00e5 er v\u00e5rt st\u00f8rste m\u00f8terom og har plass til opptil 50 personer. Refs\u00e5 ble pusset opp i 2024 og har nydelig utsikt over Refsvannet og fjellene rundt. M\u00f8terommet har moderne AV- utstyr som stor flatskjerm, tilkobling via Bluetooth [&hellip;]<\/p>\n","protected":false},"author":6,"featured_media":0,"parent":0,"menu_order":0,"comment_status":"closed","ping_status":"closed","template":"elementor_header_footer","meta":{"footnotes":""},"class_list":["post-7420","page","type-page","status-publish","hentry"],"_links":{"self":[{"href":"https:\/\/preikestolenbasecamp.com\/en\/wp-json\/wp\/v2\/pages\/7420","targetHints":{"allow":["GET"]}}],"collection":[{"href":"https:\/\/preikestolenbasecamp.com\/en\/wp-json\/wp\/v2\/pages"}],"about":[{"href":"https:\/\/preikestolenbasecamp.com\/en\/wp-json\/wp\/v2\/types\/page"}],"author":[{"embeddable":true,"href":"https:\/\/preikestolenbasecamp.com\/en\/wp-json\/wp\/v2\/users\/6"}],"replies":[{"embeddable":true,"href":"https:\/\/preikestolenbasecamp.com\/en\/wp-json\/wp\/v2\/comments?post=7420"}],"version-history":[{"count":8,"href":"https:\/\/preikestolenbasecamp.com\/en\/wp-json\/wp\/v2\/pages\/7420\/revisions"}],"predecessor-version":[{"id":15676,"href":"https:\/\/preikestolenbasecamp.com\/en\/wp-json\/wp\/v2\/pages\/7420\/revisions\/15676"}],"wp:attachment":[{"href":"https:\/\/preikestolenbasecamp.com\/en\/wp-json\/wp\/v2\/media?parent=7420"}],"curies":[{"name":"wp","href":"https:\/\/api.w.org\/{rel}","templated":true}]}}