{"id":7252,"date":"2025-11-24T05:20:05","date_gmt":"2025-11-24T05:20:05","guid":{"rendered":"https:\/\/preike-28688.jana-osl.servebolt.cloud\/?page_id=7252"},"modified":"2026-01-12T11:12:17","modified_gmt":"2026-01-12T11:12:17","slug":"for-grupper","status":"publish","type":"page","link":"https:\/\/preikestolenbasecamp.com\/en\/for-grupper\/","title":{"rendered":"For groups"},"content":{"rendered":"<div data-elementor-type=\"wp-page\" data-elementor-id=\"7252\" class=\"elementor elementor-7252\" data-elementor-post-type=\"page\">\n\t\t\t\t<div class=\"elementor-element elementor-element-4591207e e-con-full e-flex e-con e-parent\" data-id=\"4591207e\" data-element_type=\"container\" data-e-type=\"container\" data-settings=\"{&quot;background_background&quot;:&quot;classic&quot;}\">\n\t\t<div class=\"elementor-element elementor-element-7540a05c hide-bg-mobile e-con-full e-flex e-con e-child\" data-id=\"7540a05c\" data-element_type=\"container\" data-e-type=\"container\" data-settings=\"{&quot;background_background&quot;:&quot;classic&quot;,&quot;position&quot;:&quot;absolute&quot;}\">\n\t\t\t\t<div class=\"elementor-element elementor-element-46b76140 elementor-widget elementor-widget-heading\" data-id=\"46b76140\" data-element_type=\"widget\" data-e-type=\"widget\" data-widget_type=\"heading.default\">\n\t\t\t\t\t<h2 class=\"elementor-heading-title elementor-size-default\">Kick-off, stag do, summer party or corporate event?<\/h2>\t\t\t\t<\/div>\n\t\t\t\t<div class=\"elementor-element elementor-element-211a85be elementor-widget-mobile__width-inherit elementor-widget elementor-widget-text-editor\" data-id=\"211a85be\" data-element_type=\"widget\" data-e-type=\"widget\" data-widget_type=\"text-editor.default\">\n\t\t\t\t\t\t\t\t\t<p>We offer unique experiences for adventurous companies and groups. Just 40 minutes from Stavanger, you'll find our adventure land in the mountains, surrounded by beautiful Norwegian nature. We offer several different outdoor activities, and more will be added in the autumn!<\/p>\t\t\t\t\t\t\t\t<\/div>\n\t\t\t\t<div class=\"elementor-element elementor-element-081ec8f elementor-widget elementor-widget-button\" data-id=\"081ec8f\" data-element_type=\"widget\" data-e-type=\"widget\" data-widget_type=\"button.default\">\n\t\t\t\t\t\t\t\t\t\t<a class=\"elementor-button elementor-button-link elementor-size-sm\" href=\"https:\/\/preikestolenbasecamp.com\/en\/kontakt\/\">\n\t\t\t\t\t\t<span class=\"elementor-button-content-wrapper\">\n\t\t\t\t\t\t\t\t\t<span class=\"elementor-button-text\">Contact us<\/span>\n\t\t\t\t\t<\/span>\n\t\t\t\t\t<\/a>\n\t\t\t\t\t\t\t\t<\/div>\n\t\t\t\t<\/div>\n\t\t\t\t<\/div>\n\t\t<div class=\"elementor-element elementor-element-1b3d1978 e-flex e-con-boxed e-con e-parent\" data-id=\"1b3d1978\" data-element_type=\"container\" data-e-type=\"container\">\n\t\t\t\t\t<div class=\"e-con-inner\">\n\t\t<div class=\"elementor-element elementor-element-7d47deb5 e-con-full e-flex e-con e-child\" data-id=\"7d47deb5\" data-element_type=\"container\" data-e-type=\"container\">\n\t\t\t\t<div class=\"elementor-element elementor-element-61807472 image-frame elementor-widget elementor-widget-image\" data-id=\"61807472\" data-element_type=\"widget\" data-e-type=\"widget\" data-widget_type=\"image.default\">\n\t\t\t\t\t\t\t\t\t\t\t\t\t\t\t<img fetchpriority=\"high\" decoding=\"async\" width=\"972\" height=\"1024\" src=\"https:\/\/preikestolenbasecamp.com\/wp-content\/uploads\/2025\/11\/Frame-1984078365-23.png\" class=\"attachment-full size-full wp-image-7257\" alt=\"\" srcset=\"https:\/\/preikestolenbasecamp.com\/wp-content\/uploads\/2025\/11\/Frame-1984078365-23.png 972w, https:\/\/preikestolenbasecamp.com\/wp-content\/uploads\/2025\/11\/Frame-1984078365-23-285x300.png 285w, https:\/\/preikestolenbasecamp.com\/wp-content\/uploads\/2025\/11\/Frame-1984078365-23-768x809.png 768w\" sizes=\"(max-width: 972px) 100vw, 972px\" \/>\t\t\t\t\t\t\t\t\t\t\t\t\t\t\t<\/div>\n\t\t\t\t<\/div>\n\t\t<div class=\"elementor-element elementor-element-479384ef e-flex e-con-boxed e-con e-child\" data-id=\"479384ef\" data-element_type=\"container\" data-e-type=\"container\">\n\t\t\t\t\t<div class=\"e-con-inner\">\n\t\t\t\t<div class=\"elementor-element elementor-element-32e684a3 elementor-widget elementor-widget-heading\" data-id=\"32e684a3\" data-element_type=\"widget\" data-e-type=\"widget\" data-widget_type=\"heading.default\">\n\t\t\t\t\t<h2 class=\"elementor-heading-title elementor-size-default\">After the hike<\/h2>\t\t\t\t<\/div>\n\t\t\t\t<div class=\"elementor-element elementor-element-702dfe41 elementor-widget elementor-widget-text-editor\" data-id=\"702dfe41\" data-element_type=\"widget\" data-e-type=\"widget\" data-widget_type=\"text-editor.default\">\n\t\t\t\t\t\t\t\t\t<p>Bring colleagues or friends for a unique experience with us at Preikestolen BaseCamp!<\/p><p>Take the walk to the famous Pulpit Rock and end the day with an \"After Hike\" at the mountain lodge. We'll set up an outdoor seating area and a fireside lounge, fire pits and finger food along with good, local drinks. Experience great conversations and team spirit with panoramic views of Refsvatnet.<\/p>\t\t\t\t\t\t\t\t<\/div>\n\t\t\t\t<div class=\"elementor-element elementor-element-1bb5e789 event-list elementor-widget elementor-widget-text-editor\" data-id=\"1bb5e789\" data-element_type=\"widget\" data-e-type=\"widget\" data-widget_type=\"text-editor.default\">\n\t\t\t\t\t\t\t\t\t<ul class=\"event-list\"><li>Price from \u00a3420 per person<\/li><li>Bus transport can be booked to and from BaseCamp<\/li><\/ul>\t\t\t\t\t\t\t\t<\/div>\n\t\t\t\t<div class=\"elementor-element elementor-element-fb666da elementor-widget elementor-widget-text-editor\" data-id=\"fb666da\" data-element_type=\"widget\" data-e-type=\"widget\" data-widget_type=\"text-editor.default\">\n\t\t\t\t\t\t\t\t\t<div class=\"elementor-element elementor-element-7f3328c elementor-widget__width-initial elementor-widget elementor-widget-text-editor\" data-id=\"7f3328c\" data-element_type=\"widget\" data-widget_type=\"text-editor.default\"><div class=\"elementor-widget-container\"><p>Send us a request on<br \/><a style=\"color: #861722; font-weight: bold; font-size: 16px; text-decoration: none;\" href=\"mailto:booking@preikestolenbasecamp.com\">booking@preikestolenbasecamp.com<br \/><\/a><\/p><\/div><\/div><div class=\"elementor-element elementor-element-3f6bb17 elementor-widget elementor-widget-image\" data-id=\"3f6bb17\" data-element_type=\"widget\" data-widget_type=\"image.default\">\u00a0<\/div>\t\t\t\t\t\t\t\t<\/div>\n\t\t\t\t\t<\/div>\n\t\t\t\t<\/div>\n\t\t\t\t\t<\/div>\n\t\t\t\t<\/div>\n\t\t<div class=\"elementor-element elementor-element-30d5f7a8 e-flex e-con-boxed e-con e-parent\" data-id=\"30d5f7a8\" data-element_type=\"container\" data-e-type=\"container\">\n\t\t\t\t\t<div class=\"e-con-inner\">\n\t\t<div class=\"elementor-element elementor-element-74f4da4b e-flex e-con-boxed e-con e-child\" data-id=\"74f4da4b\" data-element_type=\"container\" data-e-type=\"container\">\n\t\t\t\t\t<div class=\"e-con-inner\">\n\t\t\t\t<div class=\"elementor-element elementor-element-75742528 elementor-widget elementor-widget-heading\" data-id=\"75742528\" data-element_type=\"widget\" data-e-type=\"widget\" data-widget_type=\"heading.default\">\n\t\t\t\t\t<h2 class=\"elementor-heading-title elementor-size-default\">Mountain activity day<\/h2>\t\t\t\t<\/div>\n\t\t\t\t<div class=\"elementor-element elementor-element-2e209a6 elementor-widget elementor-widget-text-editor\" data-id=\"2e209a6\" data-element_type=\"widget\" data-e-type=\"widget\" data-widget_type=\"text-editor.default\">\n\t\t\t\t\t\t\t\t\t<p>Are you planning to organise a team-building event but aren't quite sure how?<\/p><p>We have many years of experience arranging outdoor team-building events for both small and large groups.<\/p><p>We offer tasks for problem-solving, competition, and water-based activities. This autumn, a new team-building activity, \u00abTvekamp\u00bb (Duelling), will also be introduced!<\/p><p>Our activity day is split into two sessions and includes a hot lunch.<\/p><p>Get your colleagues'\/friends' teamwork, competitive spirit, and problem-solving skills tested<\/p>\t\t\t\t\t\t\t\t<\/div>\n\t\t\t\t<div class=\"elementor-element elementor-element-10869df3 event-list elementor-widget elementor-widget-text-editor\" data-id=\"10869df3\" data-element_type=\"widget\" data-e-type=\"widget\" data-widget_type=\"text-editor.default\">\n\t\t\t\t\t\t\t\t\t<ul class=\"event-list\"><li>\u00a31080 per person<\/li><li>Bus transport can be booked to and from BaseCamp<\/li><\/ul>\t\t\t\t\t\t\t\t<\/div>\n\t\t\t\t\t<\/div>\n\t\t\t\t<\/div>\n\t\t<div class=\"elementor-element elementor-element-2200959e e-flex e-con-boxed e-con e-child\" data-id=\"2200959e\" data-element_type=\"container\" data-e-type=\"container\">\n\t\t\t\t\t<div class=\"e-con-inner\">\n\t\t\t\t<div class=\"elementor-element elementor-element-2b49c0b0 image-frame-right elementor-widget elementor-widget-image\" data-id=\"2b49c0b0\" data-element_type=\"widget\" data-e-type=\"widget\" data-widget_type=\"image.default\">\n\t\t\t\t\t\t\t\t\t\t\t\t\t\t\t<img decoding=\"async\" width=\"972\" height=\"1024\" src=\"https:\/\/preikestolenbasecamp.com\/wp-content\/uploads\/2025\/11\/Frame-1984078365-22.png\" class=\"attachment-full size-full wp-image-7258\" alt=\"\" srcset=\"https:\/\/preikestolenbasecamp.com\/wp-content\/uploads\/2025\/11\/Frame-1984078365-22.png 972w, https:\/\/preikestolenbasecamp.com\/wp-content\/uploads\/2025\/11\/Frame-1984078365-22-285x300.png 285w, https:\/\/preikestolenbasecamp.com\/wp-content\/uploads\/2025\/11\/Frame-1984078365-22-768x809.png 768w\" sizes=\"(max-width: 972px) 100vw, 972px\" \/>\t\t\t\t\t\t\t\t\t\t\t\t\t\t\t<\/div>\n\t\t\t\t\t<\/div>\n\t\t\t\t<\/div>\n\t\t\t\t\t<\/div>\n\t\t\t\t<\/div>\n\t\t<div class=\"elementor-element elementor-element-234d26cd e-flex e-con-boxed e-con e-parent\" data-id=\"234d26cd\" data-element_type=\"container\" data-e-type=\"container\">\n\t\t\t\t\t<div class=\"e-con-inner\">\n\t\t<div class=\"elementor-element elementor-element-42e7408e e-con-full e-flex e-con e-child\" data-id=\"42e7408e\" data-element_type=\"container\" data-e-type=\"container\">\n\t\t\t\t<div class=\"elementor-element elementor-element-5697d43d image-frame elementor-widget elementor-widget-image\" data-id=\"5697d43d\" data-element_type=\"widget\" data-e-type=\"widget\" data-widget_type=\"image.default\">\n\t\t\t\t\t\t\t\t\t\t\t\t\t\t\t<img decoding=\"async\" width=\"972\" height=\"1144\" src=\"https:\/\/preikestolenbasecamp.com\/wp-content\/uploads\/2025\/11\/Frame-1984078370.png\" class=\"attachment-full size-full wp-image-7256\" alt=\"\" srcset=\"https:\/\/preikestolenbasecamp.com\/wp-content\/uploads\/2025\/11\/Frame-1984078370.png 972w, https:\/\/preikestolenbasecamp.com\/wp-content\/uploads\/2025\/11\/Frame-1984078370-255x300.png 255w, https:\/\/preikestolenbasecamp.com\/wp-content\/uploads\/2025\/11\/Frame-1984078370-870x1024.png 870w, https:\/\/preikestolenbasecamp.com\/wp-content\/uploads\/2025\/11\/Frame-1984078370-768x904.png 768w\" sizes=\"(max-width: 972px) 100vw, 972px\" \/>\t\t\t\t\t\t\t\t\t\t\t\t\t\t\t<\/div>\n\t\t\t\t<\/div>\n\t\t<div class=\"elementor-element elementor-element-1845f6c9 e-flex e-con-boxed e-con e-child\" data-id=\"1845f6c9\" data-element_type=\"container\" data-e-type=\"container\">\n\t\t\t\t\t<div class=\"e-con-inner\">\n\t\t\t\t<div class=\"elementor-element elementor-element-355d6eec elementor-widget elementor-widget-heading\" data-id=\"355d6eec\" data-element_type=\"widget\" data-e-type=\"widget\" data-widget_type=\"heading.default\">\n\t\t\t\t\t<h2 class=\"elementor-heading-title elementor-size-default\">Hikers' camp \u2013 private rental<\/h2>\t\t\t\t<\/div>\n\t\t\t\t<div class=\"elementor-element elementor-element-528f3a70 elementor-widget elementor-widget-text-editor\" data-id=\"528f3a70\" data-element_type=\"widget\" data-e-type=\"widget\" data-widget_type=\"text-editor.default\">\n\t\t\t\t\t\t\t\t\t<p>Are you a sporty bunch who prefer campfires and simplicity over hotels?<\/p><p>It is possible to book our entire Hikers Camp privately for your company\/group. You will have access to 24 Hikers nests (tents), fire pits, barbecues and a lean-to shelter all to yourselves. You will be staying in immediate proximity to toilets, the beach and saunas.<\/p><p>Arrange something out of the ordinary and focus on good, Norwegian mountain cosiness!<\/p><p>Bonfire gatherings, barbecues, canoeing, saunas, and countless hiking opportunities are some of the things we can offer your group here.<\/p><p><span dir=\"auto\"><br \/>Send us a request at booking@preikestolenbasecamp.com<br \/><\/span><\/p><p>We will help you tailor your stay with us so that you can arrange a unique gathering.<\/p>\t\t\t\t\t\t\t\t<\/div>\n\t\t\t\t\t<\/div>\n\t\t\t\t<\/div>\n\t\t\t\t\t<\/div>\n\t\t\t\t<\/div>\n\t\t<div class=\"elementor-element elementor-element-29b0632c e-flex e-con-boxed e-con e-parent\" data-id=\"29b0632c\" data-element_type=\"container\" data-e-type=\"container\">\n\t\t\t\t\t<div class=\"e-con-inner\">\n\t\t<div class=\"elementor-element elementor-element-566b912 e-flex e-con-boxed e-con e-child\" data-id=\"566b912\" data-element_type=\"container\" data-e-type=\"container\">\n\t\t\t\t\t<div class=\"e-con-inner\">\n\t\t\t\t<div class=\"elementor-element elementor-element-4149d0c9 elementor-widget elementor-widget-heading\" data-id=\"4149d0c9\" data-element_type=\"widget\" data-e-type=\"widget\" data-widget_type=\"heading.default\">\n\t\t\t\t\t<h2 class=\"elementor-heading-title elementor-size-default\">Organising a stag do?<\/h2>\t\t\t\t<\/div>\n\t\t\t\t<div class=\"elementor-element elementor-element-f338372 elementor-widget elementor-widget-text-editor\" data-id=\"f338372\" data-element_type=\"widget\" data-e-type=\"widget\" data-widget_type=\"text-editor.default\">\n\t\t\t\t\t\t\t\t\t<p>Here you'll find great outdoor activities such as canoeing, kayaking, and stand-up paddleboarding. Organised outdoor activities include axe throwing, horseshoe throwing, milk churn holding, and various team-building exercises. We also have saunas on land and on water, catering, and unique accommodation options. A perfect place to bring your mates for a stag or hen party.<\/p><p>You can opt for the traditional approach with activities, staying at the mountain lodge and dining in the restaurant, or be more sporty and choose accommodation at Hikers Camp, cook dinner over an open fire and enjoy guitar music around the campfire. Psst, did you know we also have a really cool Water Camp that you can book all to yourselves?<\/p>\t\t\t\t\t\t\t\t<\/div>\n\t\t\t\t\t<\/div>\n\t\t\t\t<\/div>\n\t\t<div class=\"elementor-element elementor-element-378e41a9 e-flex e-con-boxed e-con e-child\" data-id=\"378e41a9\" data-element_type=\"container\" data-e-type=\"container\">\n\t\t\t\t\t<div class=\"e-con-inner\">\n\t\t\t\t<div class=\"elementor-element elementor-element-4d7c21e8 image-frame-right elementor-widget elementor-widget-image\" data-id=\"4d7c21e8\" data-element_type=\"widget\" data-e-type=\"widget\" data-widget_type=\"image.default\">\n\t\t\t\t\t\t\t\t\t\t\t\t\t\t\t<img loading=\"lazy\" decoding=\"async\" width=\"972\" height=\"1024\" src=\"https:\/\/preikestolenbasecamp.com\/wp-content\/uploads\/2025\/11\/Frame-1984078365-24.png\" class=\"attachment-full size-full wp-image-7255\" alt=\"\" srcset=\"https:\/\/preikestolenbasecamp.com\/wp-content\/uploads\/2025\/11\/Frame-1984078365-24.png 972w, https:\/\/preikestolenbasecamp.com\/wp-content\/uploads\/2025\/11\/Frame-1984078365-24-285x300.png 285w, https:\/\/preikestolenbasecamp.com\/wp-content\/uploads\/2025\/11\/Frame-1984078365-24-768x809.png 768w\" sizes=\"(max-width: 972px) 100vw, 972px\" \/>\t\t\t\t\t\t\t\t\t\t\t\t\t\t\t<\/div>\n\t\t\t\t\t<\/div>\n\t\t\t\t<\/div>\n\t\t\t\t\t<\/div>\n\t\t\t\t<\/div>\n\t\t\t\t<\/div>","protected":false},"excerpt":{"rendered":"<p>Kick off, utdrikningslag, sommerfest eller bedriftssamling? Vi tilbyr unike opplevelser for eventyrlystne bedrifter og grupper. Kun 40 minutter fra Stavanger finner du v\u00e5rt eventyrland p\u00e5 fjellet omringet av nydelig norsk natur. Vi tilbyr flere ulike utend\u00f8rs-aktiviteter og til h\u00f8sten kommer enda flere! Kontakt oss After hike Ta med kollegaer eller venner p\u00e5 en unik opplevelse [&hellip;]<\/p>\n","protected":false},"author":6,"featured_media":0,"parent":0,"menu_order":0,"comment_status":"closed","ping_status":"closed","template":"elementor_header_footer","meta":{"footnotes":""},"class_list":["post-7252","page","type-page","status-publish","hentry"],"_links":{"self":[{"href":"https:\/\/preikestolenbasecamp.com\/en\/wp-json\/wp\/v2\/pages\/7252","targetHints":{"allow":["GET"]}}],"collection":[{"href":"https:\/\/preikestolenbasecamp.com\/en\/wp-json\/wp\/v2\/pages"}],"about":[{"href":"https:\/\/preikestolenbasecamp.com\/en\/wp-json\/wp\/v2\/types\/page"}],"author":[{"embeddable":true,"href":"https:\/\/preikestolenbasecamp.com\/en\/wp-json\/wp\/v2\/users\/6"}],"replies":[{"embeddable":true,"href":"https:\/\/preikestolenbasecamp.com\/en\/wp-json\/wp\/v2\/comments?post=7252"}],"version-history":[{"count":0,"href":"https:\/\/preikestolenbasecamp.com\/en\/wp-json\/wp\/v2\/pages\/7252\/revisions"}],"wp:attachment":[{"href":"https:\/\/preikestolenbasecamp.com\/en\/wp-json\/wp\/v2\/media?parent=7252"}],"curies":[{"name":"wp","href":"https:\/\/api.w.org\/{rel}","templated":true}]}}