{"id":7156,"date":"2025-11-21T10:44:36","date_gmt":"2025-11-21T10:44:36","guid":{"rendered":"https:\/\/preike-28688.jana-osl.servebolt.cloud\/?page_id=7156"},"modified":"2026-03-31T09:25:24","modified_gmt":"2026-03-31T09:25:24","slug":"mat-og-drikke","status":"publish","type":"page","link":"https:\/\/preikestolenbasecamp.com\/en\/mat-og-drikke\/","title":{"rendered":"Food and drink"},"content":{"rendered":"<div data-elementor-type=\"wp-page\" data-elementor-id=\"7156\" class=\"elementor elementor-7156\" data-elementor-post-type=\"page\">\n\t\t\t\t<div class=\"elementor-element elementor-element-4b61e138 e-con-full e-flex e-con e-parent\" data-id=\"4b61e138\" data-element_type=\"container\" data-e-type=\"container\" data-settings=\"{&quot;background_background&quot;:&quot;classic&quot;}\">\n\t\t<div class=\"elementor-element elementor-element-4266a915 hide-bg-mobile e-con-full e-flex e-con e-child\" data-id=\"4266a915\" data-element_type=\"container\" data-e-type=\"container\" data-settings=\"{&quot;background_background&quot;:&quot;classic&quot;,&quot;position&quot;:&quot;absolute&quot;}\">\n\t\t\t\t<div class=\"elementor-element elementor-element-3db8b63d elementor-widget elementor-widget-heading\" data-id=\"3db8b63d\" data-element_type=\"widget\" data-e-type=\"widget\" data-widget_type=\"heading.default\">\n\t\t\t\t\t<h2 class=\"elementor-heading-title elementor-size-default\">Food and drink<\/h2>\t\t\t\t<\/div>\n\t\t\t\t<div class=\"elementor-element elementor-element-12e537c2 elementor-widget__width-initial elementor-widget elementor-widget-text-editor\" data-id=\"12e537c2\" data-element_type=\"widget\" data-e-type=\"widget\" data-widget_type=\"text-editor.default\">\n\t\t\t\t\t\t\t\t\t<p>We warmly welcome you to all our food and drink establishments at Preikestolen BaseCamp. You can choose from light meals, hot food, baked goods, and packed lunches. We also offer hot and cold drinks and have our very own ice cream bar!<\/p><p>Our dining room is perfect for parties and always serves locally sourced, traditional food.<\/p>\t\t\t\t\t\t\t\t<\/div>\n\t\t\t\t<div class=\"elementor-element elementor-element-2c5214ff mobile-full-btn elementor-align-justify elementor-widget__width-initial elementor-widget elementor-widget-button\" data-id=\"2c5214ff\" data-element_type=\"widget\" data-e-type=\"widget\" data-widget_type=\"button.default\">\n\t\t\t\t\t\t\t\t\t\t<a class=\"elementor-button elementor-button-link elementor-size-sm\" href=\"https:\/\/favrit.com\/nb-no\/menu\/location\/LxqyXPg4XAW\" target=\"_blank\" rel=\"noopener\">\n\t\t\t\t\t\t<span class=\"elementor-button-content-wrapper\">\n\t\t\t\t\t\t\t\t\t<span class=\"elementor-button-text\">Book now<\/span>\n\t\t\t\t\t<\/span>\n\t\t\t\t\t<\/a>\n\t\t\t\t\t\t\t\t<\/div>\n\t\t\t\t<\/div>\n\t\t\t\t<\/div>\n\t\t<div class=\"elementor-element elementor-element-6b683f46 e-flex e-con-boxed e-con e-parent\" data-id=\"6b683f46\" data-element_type=\"container\" data-e-type=\"container\">\n\t\t\t\t\t<div class=\"e-con-inner\">\n\t\t<div class=\"elementor-element elementor-element-2e8c8306 e-con-full e-flex e-con e-child\" data-id=\"2e8c8306\" data-element_type=\"container\" data-e-type=\"container\">\n\t\t\t\t<div class=\"elementor-element elementor-element-6ef88e84 image-frame elementor-widget elementor-widget-image\" data-id=\"6ef88e84\" data-element_type=\"widget\" data-e-type=\"widget\" data-widget_type=\"image.default\">\n\t\t\t\t\t\t\t\t\t\t\t\t\t\t\t<img fetchpriority=\"high\" decoding=\"async\" width=\"972\" height=\"1132\" src=\"https:\/\/preikestolenbasecamp.com\/wp-content\/uploads\/2025\/11\/Frame-1984078364-13.png\" class=\"attachment-full size-full wp-image-7162\" alt=\"\" srcset=\"https:\/\/preikestolenbasecamp.com\/wp-content\/uploads\/2025\/11\/Frame-1984078364-13.png 972w, https:\/\/preikestolenbasecamp.com\/wp-content\/uploads\/2025\/11\/Frame-1984078364-13-258x300.png 258w, https:\/\/preikestolenbasecamp.com\/wp-content\/uploads\/2025\/11\/Frame-1984078364-13-879x1024.png 879w, https:\/\/preikestolenbasecamp.com\/wp-content\/uploads\/2025\/11\/Frame-1984078364-13-768x894.png 768w\" sizes=\"(max-width: 972px) 100vw, 972px\" \/>\t\t\t\t\t\t\t\t\t\t\t\t\t\t\t<\/div>\n\t\t\t\t<\/div>\n\t\t<div class=\"elementor-element elementor-element-41790e1d e-flex e-con-boxed e-con e-child\" data-id=\"41790e1d\" data-element_type=\"container\" data-e-type=\"container\">\n\t\t\t\t\t<div class=\"e-con-inner\">\n\t\t\t\t<div class=\"elementor-element elementor-element-47cdd103 elementor-widget elementor-widget-heading\" data-id=\"47cdd103\" data-element_type=\"widget\" data-e-type=\"widget\" data-widget_type=\"heading.default\">\n\t\t\t\t\t<h2 class=\"elementor-heading-title elementor-size-default\">The dining room at Fjellstua<\/h2>\t\t\t\t<\/div>\n\t\t\t\t<div class=\"elementor-element elementor-element-9bce7b5 elementor-widget elementor-widget-text-editor\" data-id=\"9bce7b5\" data-element_type=\"widget\" data-e-type=\"widget\" data-widget_type=\"text-editor.default\">\n\t\t\t\t\t\t\t\t\t<p>In the Dining Room at Preikestolen Fjellstue, we offer seasonal, Norwegian \u00e0 la carte dishes served in a relaxed, distinctive environment with panoramic views over Refsvatnet.<br \/>The dining room has a unique design and is well-suited for parties and celebrations.<\/p><p><strong>OUR OPENING HOURS:<\/strong><\/p>\t\t\t\t\t\t\t\t<\/div>\n\t\t\t\t<div class=\"elementor-element elementor-element-189235e custom-tabs  custom-tabs-row e-n-tabs-mobile elementor-widget elementor-widget-n-tabs\" data-id=\"189235e\" data-element_type=\"widget\" data-e-type=\"widget\" data-settings=\"{&quot;tabs_justify_horizontal&quot;:&quot;start&quot;,&quot;horizontal_scroll&quot;:&quot;disable&quot;}\" data-widget_type=\"nested-tabs.default\">\n\t\t\t\t\t\t\t<div class=\"e-n-tabs\" data-widget-number=\"25764702\" aria-label=\"Tabs. Open items with Enter or Space, close with Escape and navigate using the Arrow keys.\" data-no-translation-aria-label=\"\">\n\t\t\t<div class=\"e-n-tabs-heading\" role=\"tablist\">\n\t\t\t\t\t<button id=\"e-n-tab-title-257647021\" data-tab-title-id=\"e-n-tab-title-257647021\" class=\"e-n-tab-title\" aria-selected=\"true\" data-tab-index=\"1\" role=\"tab\" tabindex=\"0\" aria-controls=\"e-n-tab-content-257647021\" style=\"--n-tabs-title-order: 1;\">\n\t\t\t\t\t\t<span class=\"e-n-tab-title-text\">\n\t\t\t\tApril\t\t\t<\/span>\n\t\t<\/button>\n\t\t\t\t<button id=\"e-n-tab-title-257647022\" data-tab-title-id=\"e-n-tab-title-257647022\" class=\"e-n-tab-title\" aria-selected=\"false\" data-tab-index=\"2\" role=\"tab\" tabindex=\"-1\" aria-controls=\"e-n-tab-content-257647022\" style=\"--n-tabs-title-order: 2;\">\n\t\t\t\t\t\t<span class=\"e-n-tab-title-text\">\n\t\t\t\tMay- August\t\t\t<\/span>\n\t\t<\/button>\n\t\t\t\t<button id=\"e-n-tab-title-257647023\" data-tab-title-id=\"e-n-tab-title-257647023\" class=\"e-n-tab-title\" aria-selected=\"false\" data-tab-index=\"3\" role=\"tab\" tabindex=\"-1\" aria-controls=\"e-n-tab-content-257647023\" style=\"--n-tabs-title-order: 3;\">\n\t\t\t\t\t\t<span class=\"e-n-tab-title-text\">\n\t\t\t\tSeptember - October\t\t\t<\/span>\n\t\t<\/button>\n\t\t\t\t<button id=\"e-n-tab-title-257647024\" data-tab-title-id=\"e-n-tab-title-257647024\" class=\"e-n-tab-title\" aria-selected=\"false\" data-tab-index=\"4\" role=\"tab\" tabindex=\"-1\" aria-controls=\"e-n-tab-content-257647024\" style=\"--n-tabs-title-order: 4;\">\n\t\t\t\t\t\t<span class=\"e-n-tab-title-text\">\n\t\t\t\tNovember-Mars\t\t\t<\/span>\n\t\t<\/button>\n\t\t\t\t\t<\/div>\n\t\t\t<div class=\"e-n-tabs-content\">\n\t\t\t\t<div id=\"e-n-tab-content-257647021\" role=\"tabpanel\" aria-labelledby=\"e-n-tab-title-257647021\" data-tab-index=\"1\" style=\"--n-tabs-title-order: 1;\" class=\"e-active elementor-element elementor-element-6ac6d00d e-con-full e-flex e-con e-child\" data-id=\"6ac6d00d\" data-element_type=\"container\" data-e-type=\"container\">\n\t\t\t\t<div class=\"elementor-element elementor-element-514d655 elementor-widget__width-initial elementor-widget elementor-widget-text-editor\" data-id=\"514d655\" data-element_type=\"widget\" data-e-type=\"widget\" data-widget_type=\"text-editor.default\">\n\t\t\t\t\t\t\t\t\t<p>Breakfast 7.00-09.30<br \/>Lunch 12:00 - 16:00<br \/>Afternoon 5.00 PM-8.00 PM<br \/>Bar 10:00 AM - 11:00 PM<\/p><p>The restaurant is closed on the following days in April:\u00a0<br \/>- 12 April<br \/>- 13 April<br \/>- 17 April<br \/>- 18 April<br \/>- 21 April<br \/>- 22 April<\/p>\t\t\t\t\t\t\t\t<\/div>\n\t\t\t\t<\/div>\n\t\t<div id=\"e-n-tab-content-257647022\" role=\"tabpanel\" aria-labelledby=\"e-n-tab-title-257647022\" data-tab-index=\"2\" style=\"--n-tabs-title-order: 2;\" class=\"elementor-element elementor-element-3ef7532d e-con-full e-flex e-con e-child\" data-id=\"3ef7532d\" data-element_type=\"container\" data-e-type=\"container\">\n\t\t\t\t<div class=\"elementor-element elementor-element-2ba8c52b elementor-widget__width-initial elementor-widget elementor-widget-text-editor\" data-id=\"2ba8c52b\" data-element_type=\"widget\" data-e-type=\"widget\" data-widget_type=\"text-editor.default\">\n\t\t\t\t\t\t\t\t\t<p>Breakfast 06:30 \u2013 09:30<br \/>Lunch 12:00 \u2013 16:00<br \/>Evening 17:00 \u2013 21:00<br \/>Bar 10:00 AM \u2013 11:00 PM<\/p><p>The restaurant will be closed on 8 May due to a private event.<\/p>\t\t\t\t\t\t\t\t<\/div>\n\t\t\t\t<\/div>\n\t\t<div id=\"e-n-tab-content-257647023\" role=\"tabpanel\" aria-labelledby=\"e-n-tab-title-257647023\" data-tab-index=\"3\" style=\"--n-tabs-title-order: 3;\" class=\"elementor-element elementor-element-5dcde771 e-flex e-con-boxed e-con e-child\" data-id=\"5dcde771\" data-element_type=\"container\" data-e-type=\"container\">\n\t\t\t\t\t<div class=\"e-con-inner\">\n\t\t\t\t<div class=\"elementor-element elementor-element-42600029 elementor-widget__width-initial elementor-widget elementor-widget-text-editor\" data-id=\"42600029\" data-element_type=\"widget\" data-e-type=\"widget\" data-widget_type=\"text-editor.default\">\n\t\t\t\t\t\t\t\t\t<p>Breakfast 7:00-09:30<br \/>Lunch 12:00- 16:00<br \/>Dinner 5:00 PM - 8:00 PM<br \/>Bar 10:00 AM - 11:00 PM<\/p>\t\t\t\t\t\t\t\t<\/div>\n\t\t\t\t\t<\/div>\n\t\t\t\t<\/div>\n\t\t<div id=\"e-n-tab-content-257647024\" role=\"tabpanel\" aria-labelledby=\"e-n-tab-title-257647024\" data-tab-index=\"4\" style=\"--n-tabs-title-order: 4;\" class=\"elementor-element elementor-element-433c9e2c e-con-full e-flex e-con e-child\" data-id=\"433c9e2c\" data-element_type=\"container\" data-e-type=\"container\">\n\t\t\t\t<div class=\"elementor-element elementor-element-347471de elementor-widget__width-initial elementor-widget elementor-widget-text-editor\" data-id=\"347471de\" data-element_type=\"widget\" data-e-type=\"widget\" data-widget_type=\"text-editor.default\">\n\t\t\t\t\t\t\t\t\t<p>The dining room is only open for course and conference bookings until April 1st.<br \/><br \/><\/p>\t\t\t\t\t\t\t\t<\/div>\n\t\t\t\t<\/div>\n\t\t\t\t\t<\/div>\n\t\t<\/div>\n\t\t\t\t\t\t<\/div>\n\t\t\t\t<div class=\"elementor-element elementor-element-a65f064 elementor-align-justify elementor-widget__width-initial elementor-widget-mobile__width-inherit elementor-widget elementor-widget-button\" data-id=\"a65f064\" data-element_type=\"widget\" data-e-type=\"widget\" data-widget_type=\"button.default\">\n\t\t\t\t\t\t\t\t\t\t<a class=\"elementor-button elementor-button-link elementor-size-sm\" href=\"https:\/\/favrit.com\/nb-no\/menu\/location\/LxqyXPg4XAW\" target=\"_blank\" rel=\"noopener\">\n\t\t\t\t\t\t<span class=\"elementor-button-content-wrapper\">\n\t\t\t\t\t\t\t\t\t<span class=\"elementor-button-text\">See menu<\/span>\n\t\t\t\t\t<\/span>\n\t\t\t\t\t<\/a>\n\t\t\t\t\t\t\t\t<\/div>\n\t\t\t\t\t<\/div>\n\t\t\t\t<\/div>\n\t\t\t\t\t<\/div>\n\t\t\t\t<\/div>\n\t\t<div class=\"elementor-element elementor-element-5de36553 e-flex e-con-boxed e-con e-parent\" data-id=\"5de36553\" data-element_type=\"container\" data-e-type=\"container\">\n\t\t\t\t\t<div class=\"e-con-inner\">\n\t\t<div class=\"elementor-element elementor-element-21f8566e e-flex e-con-boxed e-con e-child\" data-id=\"21f8566e\" data-element_type=\"container\" data-e-type=\"container\">\n\t\t\t\t\t<div class=\"e-con-inner\">\n\t\t\t\t<div class=\"elementor-element elementor-element-194682f6 elementor-widget elementor-widget-heading\" data-id=\"194682f6\" data-element_type=\"widget\" data-e-type=\"widget\" data-widget_type=\"heading.default\">\n\t\t\t\t\t<h2 class=\"elementor-heading-title elementor-size-default\">Arrangements and celebrations<\/h2>\t\t\t\t<\/div>\n\t\t\t\t<div class=\"elementor-element elementor-element-bb0b24 elementor-widget elementor-widget-text-editor\" data-id=\"bb0b24\" data-element_type=\"widget\" data-e-type=\"widget\" data-widget_type=\"text-editor.default\">\n\t\t\t\t\t\t\t\t\t<p>Are you celebrating something special and looking for a unique setting for your event? We offer exciting menus for dining both indoors and outdoors, as well as various outdoor activities for those who want something more.<\/p><p>We also rent out several function rooms, both unstaffed and with catering.<\/p><p>Get in touch and we'll help you find the right venue and the right solution!<\/p>\t\t\t\t\t\t\t\t<\/div>\n\t\t\t\t<div class=\"elementor-element elementor-element-63953286 event-list elementor-widget elementor-widget-text-editor\" data-id=\"63953286\" data-element_type=\"widget\" data-e-type=\"widget\" data-widget_type=\"text-editor.default\">\n\t\t\t\t\t\t\t\t\t<ul class=\"event-list\"><li>Refs\u00e5 \u2013 Seating for 38 people<\/li><li>Skagen - Space for 30 people<\/li><li>Fireplace room - Seating for 25 people<\/li><\/ul>\t\t\t\t\t\t\t\t<\/div>\n\t\t\t\t\t<\/div>\n\t\t\t\t<\/div>\n\t\t<div class=\"elementor-element elementor-element-524c455d e-con-full e-flex e-con e-child\" data-id=\"524c455d\" data-element_type=\"container\" data-e-type=\"container\">\n\t\t\t\t<div class=\"elementor-element elementor-element-56e23856 image-frame-right elementor-widget elementor-widget-image\" data-id=\"56e23856\" data-element_type=\"widget\" data-e-type=\"widget\" data-widget_type=\"image.default\">\n\t\t\t\t\t\t\t\t\t\t\t\t\t\t\t<img decoding=\"async\" width=\"972\" height=\"1024\" src=\"https:\/\/preikestolenbasecamp.com\/wp-content\/uploads\/2025\/11\/Frame-1984078365-15.png\" class=\"attachment-full size-full wp-image-7161\" alt=\"\" srcset=\"https:\/\/preikestolenbasecamp.com\/wp-content\/uploads\/2025\/11\/Frame-1984078365-15.png 972w, https:\/\/preikestolenbasecamp.com\/wp-content\/uploads\/2025\/11\/Frame-1984078365-15-285x300.png 285w, https:\/\/preikestolenbasecamp.com\/wp-content\/uploads\/2025\/11\/Frame-1984078365-15-768x809.png 768w\" sizes=\"(max-width: 972px) 100vw, 972px\" \/>\t\t\t\t\t\t\t\t\t\t\t\t\t\t\t<\/div>\n\t\t\t\t<\/div>\n\t\t\t\t\t<\/div>\n\t\t\t\t<\/div>\n\t\t<div class=\"elementor-element elementor-element-3fa26f47 e-flex e-con-boxed e-con e-parent\" data-id=\"3fa26f47\" data-element_type=\"container\" data-e-type=\"container\">\n\t\t\t\t\t<div class=\"e-con-inner\">\n\t\t<div class=\"elementor-element elementor-element-43e0fb33 e-con-full e-flex e-con e-child\" data-id=\"43e0fb33\" data-element_type=\"container\" data-e-type=\"container\">\n\t\t\t\t<div class=\"elementor-element elementor-element-75d9ef04 image-frame elementor-widget elementor-widget-image\" data-id=\"75d9ef04\" data-element_type=\"widget\" data-e-type=\"widget\" data-widget_type=\"image.default\">\n\t\t\t\t\t\t\t\t\t\t\t\t\t\t\t<img decoding=\"async\" width=\"1158\" height=\"610\" src=\"https:\/\/preikestolenbasecamp.com\/wp-content\/uploads\/2024\/01\/After_Hike_Preikestolen_BaseCamp_02-e1770283357115.jpg\" class=\"attachment-full size-full wp-image-3603\" alt=\"\" srcset=\"https:\/\/preikestolenbasecamp.com\/wp-content\/uploads\/2024\/01\/After_Hike_Preikestolen_BaseCamp_02-e1770283357115.jpg 1158w, https:\/\/preikestolenbasecamp.com\/wp-content\/uploads\/2024\/01\/After_Hike_Preikestolen_BaseCamp_02-e1770283357115-300x158.jpg 300w, https:\/\/preikestolenbasecamp.com\/wp-content\/uploads\/2024\/01\/After_Hike_Preikestolen_BaseCamp_02-e1770283357115-1024x539.jpg 1024w, https:\/\/preikestolenbasecamp.com\/wp-content\/uploads\/2024\/01\/After_Hike_Preikestolen_BaseCamp_02-e1770283357115-768x405.jpg 768w\" sizes=\"(max-width: 1158px) 100vw, 1158px\" \/>\t\t\t\t\t\t\t\t\t\t\t\t\t\t\t<\/div>\n\t\t\t\t<\/div>\n\t\t<div class=\"elementor-element elementor-element-5c4af9a2 e-flex e-con-boxed e-con e-child\" data-id=\"5c4af9a2\" data-element_type=\"container\" data-e-type=\"container\">\n\t\t\t\t\t<div class=\"e-con-inner\">\n\t\t\t\t<div class=\"elementor-element elementor-element-b79e1ee elementor-widget elementor-widget-heading\" data-id=\"b79e1ee\" data-element_type=\"widget\" data-e-type=\"widget\" data-widget_type=\"heading.default\">\n\t\t\t\t\t<h2 class=\"elementor-heading-title elementor-size-default\">Hikers' caf\u00e9<\/h2>\t\t\t\t<\/div>\n\t\t\t\t<div class=\"elementor-element elementor-element-32786cee elementor-widget elementor-widget-text-editor\" data-id=\"32786cee\" data-element_type=\"widget\" data-e-type=\"widget\" data-widget_type=\"text-editor.default\">\n\t\t\t\t\t\t\t\t\t<p>Hikers\u2019 Caf\u00e9 is centrally located at Preikestolen BaseCamp, by the main path to Preikestolen. At Hikers\u2019 Caf\u00e9, we serve simple, flavourful dishes that are perfect both before and after your hike. We also serve both hot and cold drinks that can be enjoyed both indoors and outdoors.<\/p><p>Hikers\u00b4Caf\u00e9 is open seasonally from May to September<\/p><p>Opening hours<br \/>May &amp; September 11.00-17.00<br \/>June-August 09:00-19:00<\/p>\t\t\t\t\t\t\t\t<\/div>\n\t\t\t\t\t<\/div>\n\t\t\t\t<\/div>\n\t\t\t\t\t<\/div>\n\t\t\t\t<\/div>\n\t\t<div class=\"elementor-element elementor-element-35455a36 e-flex e-con-boxed e-con e-parent\" data-id=\"35455a36\" data-element_type=\"container\" data-e-type=\"container\">\n\t\t\t\t\t<div class=\"e-con-inner\">\n\t\t<div class=\"elementor-element elementor-element-2dc69024 e-flex e-con-boxed e-con e-child\" data-id=\"2dc69024\" data-element_type=\"container\" data-e-type=\"container\">\n\t\t\t\t\t<div class=\"e-con-inner\">\n\t\t\t\t<div class=\"elementor-element elementor-element-4fa2a73e elementor-widget elementor-widget-heading\" data-id=\"4fa2a73e\" data-element_type=\"widget\" data-e-type=\"widget\" data-widget_type=\"heading.default\">\n\t\t\t\t\t<h2 class=\"elementor-heading-title elementor-size-default\">Ice cream and souvenirs<\/h2>\t\t\t\t<\/div>\n\t\t\t\t<div class=\"elementor-element elementor-element-40dd2232 elementor-widget elementor-widget-text-editor\" data-id=\"40dd2232\" data-element_type=\"widget\" data-e-type=\"widget\" data-widget_type=\"text-editor.default\">\n\t\t\t\t\t\t\t\t\t<p>Preikestolen's very own ice cream parlour!<br \/>It serves a wide range of ball ice cream, soft ice cream and toppings, as well as hot and cold drinks, snacks and slush as well as clothes and souvenirs.<\/p><p>Opening hours<br \/>June- August<br \/>11:30- 17:30<\/p>\t\t\t\t\t\t\t\t<\/div>\n\t\t\t\t\t<\/div>\n\t\t\t\t<\/div>\n\t\t<div class=\"elementor-element elementor-element-437a1756 e-con-full e-flex e-con e-child\" data-id=\"437a1756\" data-element_type=\"container\" data-e-type=\"container\">\n\t\t\t\t<div class=\"elementor-element elementor-element-1abb9985 image-frame-right elementor-widget elementor-widget-image\" data-id=\"1abb9985\" data-element_type=\"widget\" data-e-type=\"widget\" data-widget_type=\"image.default\">\n\t\t\t\t\t\t\t\t\t\t\t\t\t\t\t<img loading=\"lazy\" decoding=\"async\" width=\"972\" height=\"1024\" src=\"https:\/\/preikestolenbasecamp.com\/wp-content\/uploads\/2025\/11\/Frame-1984078365-17.png\" class=\"attachment-full size-full wp-image-7159\" alt=\"\" srcset=\"https:\/\/preikestolenbasecamp.com\/wp-content\/uploads\/2025\/11\/Frame-1984078365-17.png 972w, https:\/\/preikestolenbasecamp.com\/wp-content\/uploads\/2025\/11\/Frame-1984078365-17-285x300.png 285w, https:\/\/preikestolenbasecamp.com\/wp-content\/uploads\/2025\/11\/Frame-1984078365-17-768x809.png 768w\" sizes=\"(max-width: 972px) 100vw, 972px\" \/>\t\t\t\t\t\t\t\t\t\t\t\t\t\t\t<\/div>\n\t\t\t\t<\/div>\n\t\t\t\t\t<\/div>\n\t\t\t\t<\/div>\n\t\t\t\t<\/div>","protected":false},"excerpt":{"rendered":"<p>Mat og drikke Vi \u00f8nsker deg hjertelig velkommen til alle av v\u00e5re serveringssteder p\u00e5 Preikestolen BaseCamp. Du kan velge mellom sm\u00e5retter, varm mat, bakevarer og nistepakker. Vi byr ogs\u00e5 p\u00e5 varme og kalde drikker og har v\u00e5r helt egen isbar! Matsalen v\u00e5r er perfekt for selskaper og serverer alltid kortreist og tradisjonsrik mat Book n\u00e5 [&hellip;]<\/p>\n","protected":false},"author":6,"featured_media":0,"parent":0,"menu_order":0,"comment_status":"closed","ping_status":"closed","template":"elementor_header_footer","meta":{"footnotes":""},"class_list":["post-7156","page","type-page","status-publish","hentry"],"_links":{"self":[{"href":"https:\/\/preikestolenbasecamp.com\/en\/wp-json\/wp\/v2\/pages\/7156","targetHints":{"allow":["GET"]}}],"collection":[{"href":"https:\/\/preikestolenbasecamp.com\/en\/wp-json\/wp\/v2\/pages"}],"about":[{"href":"https:\/\/preikestolenbasecamp.com\/en\/wp-json\/wp\/v2\/types\/page"}],"author":[{"embeddable":true,"href":"https:\/\/preikestolenbasecamp.com\/en\/wp-json\/wp\/v2\/users\/6"}],"replies":[{"embeddable":true,"href":"https:\/\/preikestolenbasecamp.com\/en\/wp-json\/wp\/v2\/comments?post=7156"}],"version-history":[{"count":24,"href":"https:\/\/preikestolenbasecamp.com\/en\/wp-json\/wp\/v2\/pages\/7156\/revisions"}],"predecessor-version":[{"id":15913,"href":"https:\/\/preikestolenbasecamp.com\/en\/wp-json\/wp\/v2\/pages\/7156\/revisions\/15913"}],"wp:attachment":[{"href":"https:\/\/preikestolenbasecamp.com\/en\/wp-json\/wp\/v2\/media?parent=7156"}],"curies":[{"name":"wp","href":"https:\/\/api.w.org\/{rel}","templated":true}]}}