{"id":3559,"date":"2024-01-04T16:05:34","date_gmt":"2024-01-04T16:05:34","guid":{"rendered":"https:\/\/preike-28688.jana-osl.servebolt.cloud\/?page_id=3559"},"modified":"2024-10-24T16:39:02","modified_gmt":"2024-10-24T16:39:02","slug":"kajakk-bat-og-sup","status":"publish","type":"page","link":"https:\/\/preikestolenbasecamp.com\/en\/ting-a-gjore__trashed\/kajakk-bat-og-sup\/","title":{"rendered":"Kayak, boat and SUP"},"content":{"rendered":"<div data-elementor-type=\"wp-page\" data-elementor-id=\"3559\" class=\"elementor elementor-3559\" data-elementor-post-type=\"page\">\n\t\t\t\t<div class=\"elementor-element elementor-element-ba12b77 e-con-full e-flex e-con e-parent\" data-id=\"ba12b77\" data-element_type=\"container\" data-e-type=\"container\" data-settings=\"{&quot;background_background&quot;:&quot;classic&quot;}\">\n\t\t\t\t<div class=\"elementor-element elementor-element-0d08893 elementor-widget elementor-widget-text-editor\" data-id=\"0d08893\" data-element_type=\"widget\" data-e-type=\"widget\" data-widget_type=\"text-editor.default\">\n\t\t\t\t\t\t\t\t\t<div class=\"elementor-element elementor-element-02e3305 elementor-widget elementor-widget-the7-heading\" data-id=\"02e3305\" data-element_type=\"widget\" data-widget_type=\"the7-heading.default\"><div class=\"elementor-widget-container\"><h4 class=\"the7-heading-title elementor-size-default\">Out on the water<\/h4><p>Enjoy a relaxing paddle on Refsvannet at BaseCampen. A great activity both alone and with others. We rent out watercraft from May to October<\/p><\/div><\/div><div class=\"elementor-element elementor-element-3f7f9ec elementor-widget elementor-widget-text-editor\" data-id=\"3f7f9ec\" data-element_type=\"widget\" data-widget_type=\"text-editor.default\"><div class=\"elementor-widget-container\">\u00a0<\/div><\/div>\t\t\t\t\t\t\t\t<\/div>\n\t\t\t\t<\/div>\n\t\t<div class=\"elementor-element elementor-element-ba07eab e-flex e-con-boxed e-con e-parent\" data-id=\"ba07eab\" data-element_type=\"container\" data-e-type=\"container\">\n\t\t\t\t\t<div class=\"e-con-inner\">\n\t\t\t\t\t<\/div>\n\t\t\t\t<\/div>\n\t\t\t\t<\/div>","protected":false},"excerpt":{"rendered":"<p>Ut p\u00e5 vannet Nyt en avslappende padletur p\u00e5 Refsvannet p\u00e5 BaseCampen. En kjekk aktivitet b\u00e5de alene og sammen med andre. Vi leier ut vannfart\u00f8y fra Mai til Oktober \u00a0 Book n\u00e5 SUP- Stand up paddle board Venner og familie-pakke Utleie av kano Utleie av kajakk Utleie av tr\u00f8b\u00e5t<\/p>","protected":false},"author":1,"featured_media":0,"parent":3429,"menu_order":0,"comment_status":"closed","ping_status":"closed","template":"elementor_header_footer","meta":{"footnotes":""},"class_list":["post-3559","page","type-page","status-publish","hentry"],"_links":{"self":[{"href":"https:\/\/preikestolenbasecamp.com\/en\/wp-json\/wp\/v2\/pages\/3559","targetHints":{"allow":["GET"]}}],"collection":[{"href":"https:\/\/preikestolenbasecamp.com\/en\/wp-json\/wp\/v2\/pages"}],"about":[{"href":"https:\/\/preikestolenbasecamp.com\/en\/wp-json\/wp\/v2\/types\/page"}],"author":[{"embeddable":true,"href":"https:\/\/preikestolenbasecamp.com\/en\/wp-json\/wp\/v2\/users\/1"}],"replies":[{"embeddable":true,"href":"https:\/\/preikestolenbasecamp.com\/en\/wp-json\/wp\/v2\/comments?post=3559"}],"version-history":[{"count":0,"href":"https:\/\/preikestolenbasecamp.com\/en\/wp-json\/wp\/v2\/pages\/3559\/revisions"}],"up":[{"embeddable":true,"href":"https:\/\/preikestolenbasecamp.com\/en\/wp-json\/wp\/v2\/pages\/3429"}],"wp:attachment":[{"href":"https:\/\/preikestolenbasecamp.com\/en\/wp-json\/wp\/v2\/media?parent=3559"}],"curies":[{"name":"wp","href":"https:\/\/api.w.org\/{rel}","templated":true}]}}