{"id":15216,"date":"2026-01-15T09:28:10","date_gmt":"2026-01-15T09:28:10","guid":{"rendered":"https:\/\/preike-28688.jana-osl.servebolt.cloud\/?page_id=15216"},"modified":"2026-01-15T10:14:07","modified_gmt":"2026-01-15T10:14:07","slug":"unike-opplevelser","status":"publish","type":"page","link":"https:\/\/preikestolenbasecamp.com\/en\/ting-a-gjore\/kurs-konferanse\/unike-opplevelser\/","title":{"rendered":"Unique experiences"},"content":{"rendered":"<div data-elementor-type=\"wp-page\" data-elementor-id=\"15216\" class=\"elementor elementor-15216\" data-elementor-post-type=\"page\">\n\t\t\t\t<div class=\"elementor-element elementor-element-dba95de e-con-full e-flex e-con e-parent\" data-id=\"dba95de\" data-element_type=\"container\" data-e-type=\"container\" data-settings=\"{&quot;background_background&quot;:&quot;classic&quot;}\">\n\t\t\t\t<\/div>\n\t\t<div class=\"elementor-element elementor-element-616ae156 e-flex e-con-boxed e-con e-parent\" data-id=\"616ae156\" data-element_type=\"container\" data-e-type=\"container\">\n\t\t\t\t\t<div class=\"e-con-inner\">\n\t\t\t\t<div class=\"elementor-element elementor-element-401bcf68 elementor-widget__width-inherit elementor-widget elementor-widget-heading\" data-id=\"401bcf68\" data-element_type=\"widget\" data-e-type=\"widget\" data-widget_type=\"heading.default\">\n\t\t\t\t\t<h2 class=\"elementor-heading-title elementor-size-default\">Kick-off, stag do, summer party or corporate event?<\/h2>\t\t\t\t<\/div>\n\t\t\t\t<div class=\"elementor-element elementor-element-20b34819 elementor-widget__width-inherit elementor-widget elementor-widget-text-editor\" data-id=\"20b34819\" data-element_type=\"widget\" data-e-type=\"widget\" data-widget_type=\"text-editor.default\">\n\t\t\t\t\t\t\t\t\t<p>We offer unique experiences for adventurous companies and groups. Just 40 minutes from Stavanger, you'll find our adventure land in the mountains, surrounded by beautiful Norwegian nature. We offer several different outdoor activities, and more will be added in the autumn!<\/p>\t\t\t\t\t\t\t\t<\/div>\n\t\t\t\t<div class=\"elementor-element elementor-element-ede39b9 elementor-widget__width-inherit elementor-widget elementor-widget-heading\" data-id=\"ede39b9\" data-element_type=\"widget\" data-e-type=\"widget\" data-widget_type=\"heading.default\">\n\t\t\t\t\t<h4 class=\"elementor-heading-title elementor-size-default\">After Hike<\/h4>\t\t\t\t<\/div>\n\t\t\t\t<div class=\"elementor-element elementor-element-b91ec6a elementor-widget__width-inherit elementor-widget elementor-widget-text-editor\" data-id=\"b91ec6a\" data-element_type=\"widget\" data-e-type=\"widget\" data-widget_type=\"text-editor.default\">\n\t\t\t\t\t\t\t\t\t<p>Bring colleagues or friends for a unique experience with us at Preikestolen BaseCamp!<\/p><p>Take the walk to the famous Pulpit Rock and end the day with an \"After Hike\" at the mountain lodge. We'll set up an outdoor seating area and a fireside lounge, fire pits and finger food along with good, local drinks. Experience great conversations and team spirit with panoramic views of Refsvatnet.<\/p><p>Price from \u00a3420 per person<\/p><p>Bus transport can be booked to and from BaseCamp<\/p><p>Send us your enquiry at booking@preikestolenbasecamp.com<\/p>\t\t\t\t\t\t\t\t<\/div>\n\t\t\t\t\t<\/div>\n\t\t\t\t<\/div>\n\t\t<div class=\"elementor-element elementor-element-0552ecd e-flex e-con-boxed e-con e-parent\" data-id=\"0552ecd\" data-element_type=\"container\" data-e-type=\"container\">\n\t\t\t\t\t<div class=\"e-con-inner\">\n\t\t<div class=\"elementor-element elementor-element-55bcce8 e-con-full e-flex e-con e-child\" data-id=\"55bcce8\" data-element_type=\"container\" data-e-type=\"container\">\n\t\t\t\t<div class=\"elementor-element elementor-element-2a109f4 image-frame elementor-widget elementor-widget-image\" data-id=\"2a109f4\" data-element_type=\"widget\" data-e-type=\"widget\" data-widget_type=\"image.default\">\n\t\t\t\t\t\t\t\t\t\t\t\t\t\t\t<img fetchpriority=\"high\" decoding=\"async\" width=\"800\" height=\"600\" src=\"https:\/\/preikestolenbasecamp.com\/wp-content\/uploads\/2025\/12\/PBC-afterhike-2-min-1024x768.jpg\" class=\"attachment-large size-large wp-image-11199\" alt=\"\" srcset=\"https:\/\/preikestolenbasecamp.com\/wp-content\/uploads\/2025\/12\/PBC-afterhike-2-min-1024x768.jpg 1024w, https:\/\/preikestolenbasecamp.com\/wp-content\/uploads\/2025\/12\/PBC-afterhike-2-min-300x225.jpg 300w, https:\/\/preikestolenbasecamp.com\/wp-content\/uploads\/2025\/12\/PBC-afterhike-2-min-768x576.jpg 768w, https:\/\/preikestolenbasecamp.com\/wp-content\/uploads\/2025\/12\/PBC-afterhike-2-min-1536x1152.jpg 1536w, https:\/\/preikestolenbasecamp.com\/wp-content\/uploads\/2025\/12\/PBC-afterhike-2-min-1500x1125.jpg 1500w, https:\/\/preikestolenbasecamp.com\/wp-content\/uploads\/2025\/12\/PBC-afterhike-2-min.jpg 2048w\" sizes=\"(max-width: 800px) 100vw, 800px\" \/>\t\t\t\t\t\t\t\t\t\t\t\t\t\t\t<\/div>\n\t\t\t\t<\/div>\n\t\t<div class=\"elementor-element elementor-element-9de6241 e-con-full e-flex e-con e-child\" data-id=\"9de6241\" data-element_type=\"container\" data-e-type=\"container\">\n\t\t\t\t<div class=\"elementor-element elementor-element-24a5b82 elementor-widget__width-inherit elementor-widget elementor-widget-heading\" data-id=\"24a5b82\" data-element_type=\"widget\" data-e-type=\"widget\" data-widget_type=\"heading.default\">\n\t\t\t\t\t<h4 class=\"elementor-heading-title elementor-size-default\">Mountain activity day<\/h4>\t\t\t\t<\/div>\n\t\t\t\t<div class=\"elementor-element elementor-element-36ed471 elementor-widget elementor-widget-text-editor\" data-id=\"36ed471\" data-element_type=\"widget\" data-e-type=\"widget\" data-widget_type=\"text-editor.default\">\n\t\t\t\t\t\t\t\t\t<p>Are you planning to organise a team-building event but aren't quite sure how?<\/p><p>We have many years of experience arranging outdoor team-building events for both small and large groups.<\/p><p>We offer tasks for problem-solving, competition, and water-based activities. This autumn, a new team-building activity, \u00abTvekamp\u00bb (Duelling), will also be introduced!<\/p><p>Our activity day is split into two sessions and includes a hot lunch.<\/p><p>Get your colleagues'\/friends' teamwork, competitive spirit, and problem-solving skills tested<\/p><p>\u00a31080 per person<\/p><p>Bus transport can be booked to and from BaseCamp<\/p>\t\t\t\t\t\t\t\t<\/div>\n\t\t\t\t<\/div>\n\t\t\t\t\t<\/div>\n\t\t\t\t<\/div>\n\t\t<div class=\"elementor-element elementor-element-bdc567d e-flex e-con-boxed e-con e-parent\" data-id=\"bdc567d\" data-element_type=\"container\" data-e-type=\"container\">\n\t\t\t\t\t<div class=\"e-con-inner\">\n\t\t<div class=\"elementor-element elementor-element-6441a4f e-con-full e-flex e-con e-child\" data-id=\"6441a4f\" data-element_type=\"container\" data-e-type=\"container\">\n\t\t\t\t<div class=\"elementor-element elementor-element-848f003 elementor-widget__width-inherit elementor-widget elementor-widget-heading\" data-id=\"848f003\" data-element_type=\"widget\" data-e-type=\"widget\" data-widget_type=\"heading.default\">\n\t\t\t\t\t<h4 class=\"elementor-heading-title elementor-size-default\">Organising a stag do?<\/h4>\t\t\t\t<\/div>\n\t\t\t\t<div class=\"elementor-element elementor-element-b38ed4a elementor-widget elementor-widget-text-editor\" data-id=\"b38ed4a\" data-element_type=\"widget\" data-e-type=\"widget\" data-widget_type=\"text-editor.default\">\n\t\t\t\t\t\t\t\t\t<p>Here you'll find great outdoor activities such as canoeing, kayaking, and stand-up paddleboarding. Organised outdoor activities include axe throwing, horseshoe throwing, milk churn holding, and various team-building exercises. We also have saunas on land and on water, catering, and unique accommodation options. A perfect place to bring your mates for a stag or hen party.<\/p><p>You can opt for the traditional approach with activities, staying at the mountain lodge and dining in the restaurant, or be more sporty and choose accommodation at Hikers Camp, cook dinner over an open fire and enjoy guitar music around the campfire. Psst, did you know we also have a really cool Water Camp that you can book all to yourselves?<\/p>\t\t\t\t\t\t\t\t<\/div>\n\t\t\t\t<\/div>\n\t\t<div class=\"elementor-element elementor-element-e16b01c e-con-full e-flex e-con e-child\" data-id=\"e16b01c\" data-element_type=\"container\" data-e-type=\"container\">\n\t\t\t\t<div class=\"elementor-element elementor-element-fbb2eb4 image-frame-right elementor-widget elementor-widget-image\" data-id=\"fbb2eb4\" data-element_type=\"widget\" data-e-type=\"widget\" data-widget_type=\"image.default\">\n\t\t\t\t\t\t\t\t\t\t\t\t\t\t\t<img decoding=\"async\" width=\"800\" height=\"1000\" src=\"https:\/\/preikestolenbasecamp.com\/wp-content\/uploads\/2025\/12\/JRF_4890-Forbedret-NR-min-819x1024.jpg\" class=\"attachment-large size-large wp-image-11202\" alt=\"\" srcset=\"https:\/\/preikestolenbasecamp.com\/wp-content\/uploads\/2025\/12\/JRF_4890-Forbedret-NR-min-819x1024.jpg 819w, https:\/\/preikestolenbasecamp.com\/wp-content\/uploads\/2025\/12\/JRF_4890-Forbedret-NR-min-240x300.jpg 240w, https:\/\/preikestolenbasecamp.com\/wp-content\/uploads\/2025\/12\/JRF_4890-Forbedret-NR-min-768x960.jpg 768w, https:\/\/preikestolenbasecamp.com\/wp-content\/uploads\/2025\/12\/JRF_4890-Forbedret-NR-min-1229x1536.jpg 1229w, https:\/\/preikestolenbasecamp.com\/wp-content\/uploads\/2025\/12\/JRF_4890-Forbedret-NR-min-1638x2048.jpg 1638w, https:\/\/preikestolenbasecamp.com\/wp-content\/uploads\/2025\/12\/JRF_4890-Forbedret-NR-min-1500x1875.jpg 1500w, https:\/\/preikestolenbasecamp.com\/wp-content\/uploads\/2025\/12\/JRF_4890-Forbedret-NR-min-scaled.jpg 2048w\" sizes=\"(max-width: 800px) 100vw, 800px\" \/>\t\t\t\t\t\t\t\t\t\t\t\t\t\t\t<\/div>\n\t\t\t\t<\/div>\n\t\t\t\t\t<\/div>\n\t\t\t\t<\/div>\n\t\t<div class=\"elementor-element elementor-element-039d574 e-flex e-con-boxed e-con e-parent\" data-id=\"039d574\" data-element_type=\"container\" data-e-type=\"container\">\n\t\t\t\t\t<div class=\"e-con-inner\">\n\t\t<div class=\"elementor-element elementor-element-11e0c3f e-con-full e-flex e-con e-child\" data-id=\"11e0c3f\" data-element_type=\"container\" data-e-type=\"container\">\n\t\t\t\t<div class=\"elementor-element elementor-element-c4df869 image-frame elementor-widget elementor-widget-image\" data-id=\"c4df869\" data-element_type=\"widget\" data-e-type=\"widget\" data-widget_type=\"image.default\">\n\t\t\t\t\t\t\t\t\t\t\t\t\t\t\t<img decoding=\"async\" width=\"800\" height=\"600\" src=\"https:\/\/preikestolenbasecamp.com\/wp-content\/uploads\/2025\/12\/unnamed-1-min-1024x768.jpg\" class=\"attachment-large size-large wp-image-11200\" alt=\"\" srcset=\"https:\/\/preikestolenbasecamp.com\/wp-content\/uploads\/2025\/12\/unnamed-1-min-1024x768.jpg 1024w, https:\/\/preikestolenbasecamp.com\/wp-content\/uploads\/2025\/12\/unnamed-1-min-300x225.jpg 300w, https:\/\/preikestolenbasecamp.com\/wp-content\/uploads\/2025\/12\/unnamed-1-min-768x576.jpg 768w, https:\/\/preikestolenbasecamp.com\/wp-content\/uploads\/2025\/12\/unnamed-1-min-1536x1152.jpg 1536w, https:\/\/preikestolenbasecamp.com\/wp-content\/uploads\/2025\/12\/unnamed-1-min-2048x1536.jpg 2048w, https:\/\/preikestolenbasecamp.com\/wp-content\/uploads\/2025\/12\/unnamed-1-min-1500x1125.jpg 1500w\" sizes=\"(max-width: 800px) 100vw, 800px\" \/>\t\t\t\t\t\t\t\t\t\t\t\t\t\t\t<\/div>\n\t\t\t\t<\/div>\n\t\t<div class=\"elementor-element elementor-element-a0601c9 e-con-full e-flex e-con e-child\" data-id=\"a0601c9\" data-element_type=\"container\" data-e-type=\"container\">\n\t\t\t\t<div class=\"elementor-element elementor-element-684f3b9 elementor-widget__width-inherit elementor-widget elementor-widget-heading\" data-id=\"684f3b9\" data-element_type=\"widget\" data-e-type=\"widget\" data-widget_type=\"heading.default\">\n\t\t\t\t\t<h4 class=\"elementor-heading-title elementor-size-default\">Organising a stag do?<\/h4>\t\t\t\t<\/div>\n\t\t\t\t<div class=\"elementor-element elementor-element-8f06b87 elementor-widget__width-inherit elementor-widget elementor-widget-heading\" data-id=\"8f06b87\" data-element_type=\"widget\" data-e-type=\"widget\" data-widget_type=\"heading.default\">\n\t\t\t\t\t<h4 class=\"elementor-heading-title elementor-size-default\">Hikers Camp - Private hire<\/h4>\t\t\t\t<\/div>\n\t\t\t\t<div class=\"elementor-element elementor-element-85ee9a9 elementor-widget elementor-widget-text-editor\" data-id=\"85ee9a9\" data-element_type=\"widget\" data-e-type=\"widget\" data-widget_type=\"text-editor.default\">\n\t\t\t\t\t\t\t\t\t<p>Are you a sporty bunch who prefer campfires and simplicity over hotels?<\/p><p>It is possible to book our entire Hikers Camp privately for your company\/group. You will have access to 24 Hikers nests (tents), fire pits, barbecues and a lean-to shelter all to yourselves. You will be staying in immediate proximity to toilets, the beach and saunas.<\/p><p>Arrange something out of the ordinary and focus on good, Norwegian mountain cosiness!<\/p><p>Bonfire gatherings, barbecues, canoeing, saunas, and countless hiking opportunities are some of the things we can offer your group here.<\/p><p>Send us a request at booking@preikestolenbasecamp.com<\/p><p>We will help you tailor your stay with us so that you can arrange a unique gathering.<\/p>\t\t\t\t\t\t\t\t<\/div>\n\t\t\t\t<div class=\"elementor-element elementor-element-08d5955 elementor-widget elementor-widget-button\" data-id=\"08d5955\" data-element_type=\"widget\" data-e-type=\"widget\" data-widget_type=\"button.default\">\n\t\t\t\t\t\t\t\t\t\t<a class=\"elementor-button elementor-button-link elementor-size-sm\" href=\"\/en\/kontakt\/\">\n\t\t\t\t\t\t<span class=\"elementor-button-content-wrapper\">\n\t\t\t\t\t\t\t\t\t<span class=\"elementor-button-text\">Contact<\/span>\n\t\t\t\t\t<\/span>\n\t\t\t\t\t<\/a>\n\t\t\t\t\t\t\t\t<\/div>\n\t\t\t\t<\/div>\n\t\t\t\t\t<\/div>\n\t\t\t\t<\/div>\n\t\t<div class=\"elementor-element elementor-element-0876256 e-flex e-con-boxed e-con e-parent\" data-id=\"0876256\" data-element_type=\"container\" data-e-type=\"container\">\n\t\t\t\t\t<div class=\"e-con-inner\">\n\t\t\t\t<div class=\"elementor-element elementor-element-11c1cb7 elementor-widget elementor-widget-image\" data-id=\"11c1cb7\" data-element_type=\"widget\" data-e-type=\"widget\" data-widget_type=\"image.default\">\n\t\t\t\t\t\t\t\t\t\t\t\t\t\t\t<img loading=\"lazy\" decoding=\"async\" width=\"2048\" height=\"2560\" src=\"https:\/\/preikestolenbasecamp.com\/wp-content\/uploads\/2025\/12\/DJI_0337-Forbedret-NR-scaled-min.jpg\" class=\"attachment-full size-full wp-image-11201\" alt=\"\" srcset=\"https:\/\/preikestolenbasecamp.com\/wp-content\/uploads\/2025\/12\/DJI_0337-Forbedret-NR-scaled-min.jpg 2048w, https:\/\/preikestolenbasecamp.com\/wp-content\/uploads\/2025\/12\/DJI_0337-Forbedret-NR-scaled-min-240x300.jpg 240w, https:\/\/preikestolenbasecamp.com\/wp-content\/uploads\/2025\/12\/DJI_0337-Forbedret-NR-scaled-min-819x1024.jpg 819w, https:\/\/preikestolenbasecamp.com\/wp-content\/uploads\/2025\/12\/DJI_0337-Forbedret-NR-scaled-min-768x960.jpg 768w, https:\/\/preikestolenbasecamp.com\/wp-content\/uploads\/2025\/12\/DJI_0337-Forbedret-NR-scaled-min-1229x1536.jpg 1229w, https:\/\/preikestolenbasecamp.com\/wp-content\/uploads\/2025\/12\/DJI_0337-Forbedret-NR-scaled-min-1638x2048.jpg 1638w, https:\/\/preikestolenbasecamp.com\/wp-content\/uploads\/2025\/12\/DJI_0337-Forbedret-NR-scaled-min-1500x1875.jpg 1500w\" sizes=\"(max-width: 2048px) 100vw, 2048px\" \/>\t\t\t\t\t\t\t\t\t\t\t\t\t\t\t<\/div>\n\t\t\t\t\t<\/div>\n\t\t\t\t<\/div>\n\t\t\t\t<\/div>","protected":false},"excerpt":{"rendered":"<p>Kick off, utdrikningslag, sommerfest eller bedriftssamling? Vi tilbyr unike opplevelser for eventyrlystne bedrifter og grupper. Kun 40 minutter fra Stavanger finner du v\u00e5rt eventyrland p\u00e5 fjellet omringet av nydelig norsk natur. Vi tilbyr flere ulike utend\u00f8rs-aktiviteter og til h\u00f8sten kommer enda flere! After Hike Ta med kollegaer eller venner p\u00e5 en unik opplevelse hos oss [&hellip;]<\/p>\n","protected":false},"author":6,"featured_media":0,"parent":6857,"menu_order":0,"comment_status":"closed","ping_status":"closed","template":"elementor_header_footer","meta":{"footnotes":""},"class_list":["post-15216","page","type-page","status-publish","hentry"],"_links":{"self":[{"href":"https:\/\/preikestolenbasecamp.com\/en\/wp-json\/wp\/v2\/pages\/15216","targetHints":{"allow":["GET"]}}],"collection":[{"href":"https:\/\/preikestolenbasecamp.com\/en\/wp-json\/wp\/v2\/pages"}],"about":[{"href":"https:\/\/preikestolenbasecamp.com\/en\/wp-json\/wp\/v2\/types\/page"}],"author":[{"embeddable":true,"href":"https:\/\/preikestolenbasecamp.com\/en\/wp-json\/wp\/v2\/users\/6"}],"replies":[{"embeddable":true,"href":"https:\/\/preikestolenbasecamp.com\/en\/wp-json\/wp\/v2\/comments?post=15216"}],"version-history":[{"count":0,"href":"https:\/\/preikestolenbasecamp.com\/en\/wp-json\/wp\/v2\/pages\/15216\/revisions"}],"up":[{"embeddable":true,"href":"https:\/\/preikestolenbasecamp.com\/en\/wp-json\/wp\/v2\/pages\/6857"}],"wp:attachment":[{"href":"https:\/\/preikestolenbasecamp.com\/en\/wp-json\/wp\/v2\/media?parent=15216"}],"curies":[{"name":"wp","href":"https:\/\/api.w.org\/{rel}","templated":true}]}}