{"id":10770,"date":"2025-12-15T12:14:07","date_gmt":"2025-12-15T12:14:07","guid":{"rendered":"https:\/\/preike-28688.jana-osl.servebolt.cloud\/?page_id=10770"},"modified":"2026-02-26T04:48:17","modified_gmt":"2026-02-26T04:48:17","slug":"utleie-av-fjellsko-og-snobrodder","status":"publish","type":"page","link":"https:\/\/preikestolenbasecamp.com\/en\/utleie-av-fjellsko-og-snobrodder\/","title":{"rendered":"Rental of hiking boots and snowboards"},"content":{"rendered":"\t\t<div data-elementor-type=\"wp-page\" data-elementor-id=\"10770\" class=\"elementor elementor-10770\" data-elementor-post-type=\"page\">\n\t\t\t\t<div class=\"elementor-element elementor-element-c0fbc74 e-con-full e-flex e-con e-parent\" data-id=\"c0fbc74\" data-element_type=\"container\" data-e-type=\"container\">\n\t\t<div class=\"elementor-element elementor-element-f3faa19 e-con-full e-flex e-con e-child\" data-id=\"f3faa19\" data-element_type=\"container\" data-e-type=\"container\" data-settings=\"{&quot;background_background&quot;:&quot;classic&quot;}\">\n\t\t<div class=\"elementor-element elementor-element-9685113 e-con-full hide-bg-mobile e-flex e-con e-child\" data-id=\"9685113\" data-element_type=\"container\" data-e-type=\"container\" data-settings=\"{&quot;background_background&quot;:&quot;classic&quot;,&quot;position&quot;:&quot;absolute&quot;}\">\n\t\t\t\t<div class=\"elementor-element elementor-element-47a4624 elementor-widget elementor-widget-heading\" data-id=\"47a4624\" data-element_type=\"widget\" data-e-type=\"widget\" data-widget_type=\"heading.default\">\n\t\t\t\t\t<h2 class=\"elementor-heading-title elementor-size-default\">Utleie av fjellsko og sn\u00f8brodder<\/h2>\t\t\t\t<\/div>\n\t\t\t\t<div class=\"elementor-element elementor-element-8030d48 elementor-widget__width-initial mobile-full-btn elementor-align-justify elementor-widget elementor-widget-button\" data-id=\"8030d48\" data-element_type=\"widget\" data-e-type=\"widget\" data-widget_type=\"button.default\">\n\t\t\t\t\t\t\t\t\t\t<a class=\"elementor-button elementor-button-link elementor-size-sm\" href=\"https:\/\/picassoonline.techotel.dk\/no\/preikestolen-basecamp\/preikestolen-basecamp\/booking\/rooms\/\" target=\"_blank\" rel=\"noopener\">\n\t\t\t\t\t\t<span class=\"elementor-button-content-wrapper\">\n\t\t\t\t\t\t\t\t\t<span class=\"elementor-button-text\">Book n\u00e5            <\/span>\n\t\t\t\t\t<\/span>\n\t\t\t\t\t<\/a>\n\t\t\t\t\t\t\t\t<\/div>\n\t\t\t\t<\/div>\n\t\t\t\t<\/div>\n\t\t\t\t<\/div>\n\t\t<div class=\"elementor-element elementor-element-da0747b e-flex e-con-boxed e-con e-parent\" data-id=\"da0747b\" data-element_type=\"container\" data-e-type=\"container\">\n\t\t\t\t\t<div class=\"e-con-inner\">\n\t\t<div class=\"elementor-element elementor-element-f05ffdb e-flex e-con-boxed e-con e-child\" data-id=\"f05ffdb\" data-element_type=\"container\" data-e-type=\"container\">\n\t\t\t\t\t<div class=\"e-con-inner\">\n\t\t<div class=\"elementor-element elementor-element-837a770   e-con-full e-flex e-con e-child\" data-id=\"837a770\" data-element_type=\"container\" data-e-type=\"container\" data-settings=\"{&quot;background_background&quot;:&quot;classic&quot;}\">\n\t\t\t\t<div class=\"elementor-element elementor-element-570fd84 image-frame elementor-widget elementor-widget-image\" data-id=\"570fd84\" data-element_type=\"widget\" data-e-type=\"widget\" data-widget_type=\"image.default\">\n\t\t\t\t\t\t\t\t\t\t\t\t\t\t\t<img fetchpriority=\"high\" decoding=\"async\" width=\"476\" height=\"476\" src=\"https:\/\/preikestolenbasecamp.com\/wp-content\/uploads\/2025\/12\/Hiking_Boot_Rentals_Preikestolen_Basecamp-600x600-1.png\" class=\"attachment-large size-large wp-image-11395\" alt=\"\" srcset=\"https:\/\/preikestolenbasecamp.com\/wp-content\/uploads\/2025\/12\/Hiking_Boot_Rentals_Preikestolen_Basecamp-600x600-1.png 476w, https:\/\/preikestolenbasecamp.com\/wp-content\/uploads\/2025\/12\/Hiking_Boot_Rentals_Preikestolen_Basecamp-600x600-1-300x300.png 300w, https:\/\/preikestolenbasecamp.com\/wp-content\/uploads\/2025\/12\/Hiking_Boot_Rentals_Preikestolen_Basecamp-600x600-1-150x150.png 150w, https:\/\/preikestolenbasecamp.com\/wp-content\/uploads\/2025\/12\/Hiking_Boot_Rentals_Preikestolen_Basecamp-600x600-1-400x400.png 400w, https:\/\/preikestolenbasecamp.com\/wp-content\/uploads\/2025\/12\/Hiking_Boot_Rentals_Preikestolen_Basecamp-600x600-1-200x200.png 200w\" sizes=\"(max-width: 476px) 100vw, 476px\" \/>\t\t\t\t\t\t\t\t\t\t\t\t\t\t\t<\/div>\n\t\t\t\t<\/div>\n\t\t<div class=\"elementor-element elementor-element-9955529 e-con-full e-flex e-con e-child\" data-id=\"9955529\" data-element_type=\"container\" data-e-type=\"container\">\n\t\t\t\t<div class=\"elementor-element elementor-element-9cf1f4e custom-tabs  custom-tabs-row e-n-tabs-mobile elementor-widget elementor-widget-n-tabs\" data-id=\"9cf1f4e\" data-element_type=\"widget\" data-e-type=\"widget\" data-settings=\"{&quot;tabs_justify_horizontal&quot;:&quot;start&quot;,&quot;horizontal_scroll&quot;:&quot;disable&quot;}\" data-widget_type=\"nested-tabs.default\">\n\t\t\t\t\t\t\t<div class=\"e-n-tabs\" data-widget-number=\"164568910\" aria-label=\"Tabs. Open items with Enter or Space, close with Escape and navigate using the Arrow keys.\">\n\t\t\t<div class=\"e-n-tabs-heading\" role=\"tablist\">\n\t\t\t\t\t<button id=\"e-n-tab-title-1645689101\" data-tab-title-id=\"e-n-tab-title-1645689101\" class=\"e-n-tab-title\" aria-selected=\"true\" data-tab-index=\"1\" role=\"tab\" tabindex=\"0\" aria-controls=\"e-n-tab-content-1645689101\" style=\"--n-tabs-title-order: 1;\">\n\t\t\t\t\t\t<span class=\"e-n-tab-title-text\">\n\t\t\t\tOversikt\t\t\t<\/span>\n\t\t<\/button>\n\t\t\t\t<button id=\"e-n-tab-title-1645689102\" data-tab-title-id=\"e-n-tab-title-1645689102\" class=\"e-n-tab-title\" aria-selected=\"false\" data-tab-index=\"2\" role=\"tab\" tabindex=\"-1\" aria-controls=\"e-n-tab-content-1645689102\" style=\"--n-tabs-title-order: 2;\">\n\t\t\t\t\t\t<span class=\"e-n-tab-title-text\">\n\t\t\t\tDetaljer\t\t\t<\/span>\n\t\t<\/button>\n\t\t\t\t\t<\/div>\n\t\t\t<div class=\"e-n-tabs-content\">\n\t\t\t\t<div id=\"e-n-tab-content-1645689101\" role=\"tabpanel\" aria-labelledby=\"e-n-tab-title-1645689101\" data-tab-index=\"1\" style=\"--n-tabs-title-order: 1;\" class=\"e-active elementor-element elementor-element-75feb93 e-con-full e-flex e-con e-child\" data-id=\"75feb93\" data-element_type=\"container\" data-e-type=\"container\">\n\t\t\t\t<div class=\"elementor-element elementor-element-0fdc57c elementor-widget elementor-widget-text-editor\" data-id=\"0fdc57c\" data-element_type=\"widget\" data-e-type=\"widget\" data-widget_type=\"text-editor.default\">\n\t\t\t\t\t\t\t\t\t<p>Lei g<span class=\"TextRun SCXW27396654 BCX9\" data-contrast=\"auto\"><span class=\"NormalTextRun SCXW27396654 BCX9\" data-ccp-charstyle=\"normaltextrun\" data-ccp-charstyle-defn=\"{&quot;ObjectId&quot;:&quot;51a9b5af-a0a1-4dee-9dab-2881610358f8|6&quot;,&quot;ClassId&quot;:1073872969,&quot;Properties&quot;:[134233614,&quot;true&quot;,201340122,&quot;1&quot;,469775450,&quot;normaltextrun&quot;,469778129,&quot;normaltextrun&quot;,469778324,&quot;Default Paragraph Font&quot;]}\">ode fjellsko hos oss. Viktig for tur\u202fi ulendt terren<\/span><span class=\"NormalTextRun SCXW27396654 BCX9\" data-ccp-charstyle=\"normaltextrun\">g \u2013 p<\/span><span class=\"NormalTextRun SCXW27396654 BCX9\" data-ccp-charstyle=\"normaltextrun\">erfekt for turen til Preikestolen.<\/span><\/span><\/p><p><span class=\"TextRun SCXW27396654 BCX9\" data-contrast=\"auto\"><span class=\"NormalTextRun SCXW27396654 BCX9\" data-ccp-charstyle=\"normaltextrun\">Ved sn\u00f8 og is i stien, tilbyr vi ogs\u00e5 utleie av sn\u00f8brodder<\/span><\/span><\/p>\t\t\t\t\t\t\t\t<\/div>\n\t\t\t\t<\/div>\n\t\t<div id=\"e-n-tab-content-1645689102\" role=\"tabpanel\" aria-labelledby=\"e-n-tab-title-1645689102\" data-tab-index=\"2\" style=\"--n-tabs-title-order: 2;\" class=\" elementor-element elementor-element-6e9de66 e-con-full e-flex e-con e-child\" data-id=\"6e9de66\" data-element_type=\"container\" data-e-type=\"container\">\n\t\t\t\t<div class=\"elementor-element elementor-element-9e2c21a elementor-widget elementor-widget-text-editor\" data-id=\"9e2c21a\" data-element_type=\"widget\" data-e-type=\"widget\" data-widget_type=\"text-editor.default\">\n\t\t\t\t\t\t\t\t\t<p><strong>Tilgjengelige st\u00f8rrelser:<br \/><\/strong><span class=\"TextRun SCXW86993218 BCX9\" data-contrast=\"auto\"><span class=\"NormalTextRun SCXW86993218 BCX9\" data-ccp-charstyle=\"normaltextrun\">EU 30 \u2013 47<\/span><span class=\"NormalTextRun SCXW86993218 BCX9\" data-ccp-charstyle=\"eop\" data-ccp-charstyle-defn=\"{&quot;ObjectId&quot;:&quot;51a9b5af-a0a1-4dee-9dab-2881610358f8|7&quot;,&quot;ClassId&quot;:1073872969,&quot;Properties&quot;:[134233614,&quot;true&quot;,201340122,&quot;1&quot;,469775450,&quot;eop&quot;,469778129,&quot;eop&quot;,469778324,&quot;Default Paragraph Font&quot;]}\">\u202f<\/span><\/span><span class=\"EOP SCXW86993218 BCX9\" data-ccp-props=\"{&quot;134233117&quot;:true,&quot;134233118&quot;:true}\">\u00a0<\/span><\/p><p><span data-contrast=\"auto\"><strong>Hentested og levering:<br \/><\/strong>Adventure\u202f<\/span><span data-contrast=\"auto\">C<\/span><span data-contrast=\"auto\">enter\u202fved start av stien til Preikestolen<\/span><\/p><p><span data-ccp-props=\"{&quot;134233117&quot;:true,&quot;134233118&quot;:true}\"><b>Vi har drop box for tilbakelevering etter \u00e5pningstid<\/b>\u00a0<\/span><\/p>\t\t\t\t\t\t\t\t<\/div>\n\t\t\t\t<\/div>\n\t\t\t\t\t<\/div>\n\t\t<\/div>\n\t\t\t\t\t\t<\/div>\n\t\t\t\t<div class=\"elementor-element elementor-element-ca28670 elementor-widget elementor-widget-text-editor\" data-id=\"ca28670\" data-element_type=\"widget\" data-e-type=\"widget\" data-widget_type=\"text-editor.default\">\n\t\t\t\t\t\t\t\t\t<p>Fjellsko 200 kr<br \/>Sn\u00f8brodder 100 kr<\/p>\t\t\t\t\t\t\t\t<\/div>\n\t\t\t\t<\/div>\n\t\t\t\t\t<\/div>\n\t\t\t\t<\/div>\n\t\t\t\t\t<\/div>\n\t\t\t\t<\/div>\n\t\t\t\t<\/div>\n\t\t","protected":false},"excerpt":{"rendered":"<p>Utleie av fjellsko og sn\u00f8brodder Book n\u00e5 Oversikt Detaljer Lei gode fjellsko hos oss. Viktig for tur\u202fi ulendt terreng \u2013 perfekt for turen til Preikestolen. Ved sn\u00f8 og is i stien, tilbyr vi ogs\u00e5 utleie av sn\u00f8brodder Tilgjengelige st\u00f8rrelser: EU 30 \u2013 47 Hentested og levering: Adventure\u202fCenter\u202fved start av stien til Preikestolen Vi har drop [&hellip;]<\/p>\n","protected":false},"author":6,"featured_media":0,"parent":0,"menu_order":0,"comment_status":"closed","ping_status":"closed","template":"elementor_header_footer","meta":{"footnotes":""},"class_list":["post-10770","page","type-page","status-publish","hentry"],"_links":{"self":[{"href":"https:\/\/preikestolenbasecamp.com\/en\/wp-json\/wp\/v2\/pages\/10770","targetHints":{"allow":["GET"]}}],"collection":[{"href":"https:\/\/preikestolenbasecamp.com\/en\/wp-json\/wp\/v2\/pages"}],"about":[{"href":"https:\/\/preikestolenbasecamp.com\/en\/wp-json\/wp\/v2\/types\/page"}],"author":[{"embeddable":true,"href":"https:\/\/preikestolenbasecamp.com\/en\/wp-json\/wp\/v2\/users\/6"}],"replies":[{"embeddable":true,"href":"https:\/\/preikestolenbasecamp.com\/en\/wp-json\/wp\/v2\/comments?post=10770"}],"version-history":[{"count":1,"href":"https:\/\/preikestolenbasecamp.com\/en\/wp-json\/wp\/v2\/pages\/10770\/revisions"}],"predecessor-version":[{"id":15837,"href":"https:\/\/preikestolenbasecamp.com\/en\/wp-json\/wp\/v2\/pages\/10770\/revisions\/15837"}],"wp:attachment":[{"href":"https:\/\/preikestolenbasecamp.com\/en\/wp-json\/wp\/v2\/media?parent=10770"}],"curies":[{"name":"wp","href":"https:\/\/api.w.org\/{rel}","templated":true}]}}