{"id":10762,"date":"2025-12-15T12:12:58","date_gmt":"2025-12-15T12:12:58","guid":{"rendered":"https:\/\/preike-28688.jana-osl.servebolt.cloud\/?page_id=10762"},"modified":"2025-12-31T09:25:51","modified_gmt":"2025-12-31T09:25:51","slug":"utleie-av-brodder","status":"publish","type":"page","link":"https:\/\/preikestolenbasecamp.com\/en\/utleie-av-brodder\/","title":{"rendered":"Rental of stingers"},"content":{"rendered":"<div data-elementor-type=\"wp-page\" data-elementor-id=\"10762\" class=\"elementor elementor-10762\" data-elementor-post-type=\"page\">\n\t\t\t\t<div class=\"elementor-element elementor-element-dbc24c3 e-con-full e-flex e-con e-parent\" data-id=\"dbc24c3\" data-element_type=\"container\" data-e-type=\"container\">\n\t\t<div class=\"elementor-element elementor-element-733a0ff e-con-full e-flex e-con e-child\" data-id=\"733a0ff\" data-element_type=\"container\" data-e-type=\"container\" data-settings=\"{&quot;background_background&quot;:&quot;classic&quot;}\">\n\t\t<div class=\"elementor-element elementor-element-1495673 e-con-full hide-bg-mobile e-flex e-con e-child\" data-id=\"1495673\" data-element_type=\"container\" data-e-type=\"container\" data-settings=\"{&quot;background_background&quot;:&quot;classic&quot;,&quot;position&quot;:&quot;absolute&quot;}\">\n\t\t\t\t<div class=\"elementor-element elementor-element-27a3a48 elementor-widget elementor-widget-heading\" data-id=\"27a3a48\" data-element_type=\"widget\" data-e-type=\"widget\" data-widget_type=\"heading.default\">\n\t\t\t\t\t<h2 class=\"elementor-heading-title elementor-size-default\">Rental of stingers\n<\/h2>\t\t\t\t<\/div>\n\t\t\t\t<div class=\"elementor-element elementor-element-39ef31d elementor-widget__width-initial mobile-full-btn elementor-align-justify elementor-widget elementor-widget-button\" data-id=\"39ef31d\" data-element_type=\"widget\" data-e-type=\"widget\" data-widget_type=\"button.default\">\n\t\t\t\t\t\t\t\t\t\t<a class=\"elementor-button elementor-button-link elementor-size-sm\" href=\"https:\/\/picassoonline.techotel.dk\/no\/preikestolen-basecamp\/preikestolen-basecamp\/booking\/rooms\/\" target=\"_blank\" rel=\"noopener\">\n\t\t\t\t\t\t<span class=\"elementor-button-content-wrapper\">\n\t\t\t\t\t\t\t\t\t<span class=\"elementor-button-text\">Book now            <\/span>\n\t\t\t\t\t<\/span>\n\t\t\t\t\t<\/a>\n\t\t\t\t\t\t\t\t<\/div>\n\t\t\t\t<\/div>\n\t\t\t\t<\/div>\n\t\t\t\t<\/div>\n\t\t<div class=\"elementor-element elementor-element-55aa7d3 e-flex e-con-boxed e-con e-parent\" data-id=\"55aa7d3\" data-element_type=\"container\" data-e-type=\"container\">\n\t\t\t\t\t<div class=\"e-con-inner\">\n\t\t<div class=\"elementor-element elementor-element-7835e9a e-flex e-con-boxed e-con e-child\" data-id=\"7835e9a\" data-element_type=\"container\" data-e-type=\"container\">\n\t\t\t\t\t<div class=\"e-con-inner\">\n\t\t<div class=\"elementor-element elementor-element-7ae797f   e-con-full e-flex e-con e-child\" data-id=\"7ae797f\" data-element_type=\"container\" data-e-type=\"container\" data-settings=\"{&quot;background_background&quot;:&quot;classic&quot;}\">\n\t\t\t\t<div class=\"elementor-element elementor-element-db30fbb image-frame elementor-widget elementor-widget-image\" data-id=\"db30fbb\" data-element_type=\"widget\" data-e-type=\"widget\" data-widget_type=\"image.default\">\n\t\t\t\t\t\t\t\t\t\t\t\t\t\t\t<img fetchpriority=\"high\" decoding=\"async\" width=\"1188\" height=\"1584\" src=\"https:\/\/preikestolenbasecamp.com\/wp-content\/uploads\/2025\/12\/Brodder.png\" class=\"attachment-full size-full wp-image-11409\" alt=\"\" srcset=\"https:\/\/preikestolenbasecamp.com\/wp-content\/uploads\/2025\/12\/Brodder.png 1188w, https:\/\/preikestolenbasecamp.com\/wp-content\/uploads\/2025\/12\/Brodder-225x300.png 225w, https:\/\/preikestolenbasecamp.com\/wp-content\/uploads\/2025\/12\/Brodder-768x1024.png 768w, https:\/\/preikestolenbasecamp.com\/wp-content\/uploads\/2025\/12\/Brodder-1152x1536.png 1152w\" sizes=\"(max-width: 1188px) 100vw, 1188px\" \/>\t\t\t\t\t\t\t\t\t\t\t\t\t\t\t<\/div>\n\t\t\t\t<\/div>\n\t\t<div class=\"elementor-element elementor-element-c51a68c e-con-full e-flex e-con e-child\" data-id=\"c51a68c\" data-element_type=\"container\" data-e-type=\"container\">\n\t\t\t\t<div class=\"elementor-element elementor-element-b0495ac custom-tabs  custom-tabs-row e-n-tabs-mobile elementor-widget elementor-widget-n-tabs\" data-id=\"b0495ac\" data-element_type=\"widget\" data-e-type=\"widget\" data-settings=\"{&quot;tabs_justify_horizontal&quot;:&quot;start&quot;,&quot;horizontal_scroll&quot;:&quot;disable&quot;}\" data-widget_type=\"nested-tabs.default\">\n\t\t\t\t\t\t\t<div class=\"e-n-tabs\" data-widget-number=\"184849836\" aria-label=\"Interact with elements using Enter or Space, close with Escape and navigate using the arrow keys.\">\n\t\t\t<div class=\"e-n-tabs-heading\" role=\"tablist\">\n\t\t\t\t\t<button id=\"e-n-tab-title-1848498361\" data-tab-title-id=\"e-n-tab-title-1848498361\" class=\"e-n-tab-title\" aria-selected=\"true\" data-tab-index=\"1\" role=\"tab\" tabindex=\"0\" aria-controls=\"e-n-tab-content-1848498361\" style=\"--n-tabs-title-order: 1;\">\n\t\t\t\t\t\t<span class=\"e-n-tab-title-text\">\n\t\t\t\tOverview\t\t\t<\/span>\n\t\t<\/button>\n\t\t\t\t<button id=\"e-n-tab-title-1848498362\" data-tab-title-id=\"e-n-tab-title-1848498362\" class=\"e-n-tab-title\" aria-selected=\"false\" data-tab-index=\"2\" role=\"tab\" tabindex=\"-1\" aria-controls=\"e-n-tab-content-1848498362\" style=\"--n-tabs-title-order: 2;\">\n\t\t\t\t\t\t<span class=\"e-n-tab-title-text\">\n\t\t\t\t Details\t\t\t<\/span>\n\t\t<\/button>\n\t\t\t\t\t<\/div>\n\t\t\t<div class=\"e-n-tabs-content\">\n\t\t\t\t<div id=\"e-n-tab-content-1848498361\" role=\"tabpanel\" aria-labelledby=\"e-n-tab-title-1848498361\" data-tab-index=\"1\" style=\"--n-tabs-title-order: 1;\" class=\"e-active elementor-element elementor-element-741b61a e-con-full e-flex e-con e-child\" data-id=\"741b61a\" data-element_type=\"container\" data-e-type=\"container\">\n\t\t\t\t<div class=\"elementor-element elementor-element-41b1930 elementor-widget elementor-widget-text-editor\" data-id=\"41b1930\" data-element_type=\"widget\" data-e-type=\"widget\" data-widget_type=\"text-editor.default\">\n\t\t\t\t\t\t\t\t\t<p>Make sure you have a good grip in winter when large parts of the trail may be covered in ice and snow. The stingers fit all types of hiking\/mountain shoes.<\/p>\t\t\t\t\t\t\t\t<\/div>\n\t\t\t\t<\/div>\n\t\t<div id=\"e-n-tab-content-1848498362\" role=\"tabpanel\" aria-labelledby=\"e-n-tab-title-1848498362\" data-tab-index=\"2\" style=\"--n-tabs-title-order: 2;\" class=\"elementor-element elementor-element-f07073b e-con-full e-flex e-con e-child\" data-id=\"f07073b\" data-element_type=\"container\" data-e-type=\"container\">\n\t\t\t\t<div class=\"elementor-element elementor-element-5c7b7d8 elementor-widget elementor-widget-text-editor\" data-id=\"5c7b7d8\" data-element_type=\"widget\" data-e-type=\"widget\" data-widget_type=\"text-editor.default\">\n\t\t\t\t\t\t\t\t\t<p><span data-contrast=\"auto\"><strong>Pick-up location and delivery:<br \/><\/strong>Adventure<\/span><span data-contrast=\"auto\">C<\/span><span data-contrast=\"auto\">enter at the start of the trail to Preikestolen<\/span><\/p><p><span data-contrast=\"auto\"><strong>Opening hours:<\/strong><br \/>08.00-19.00<\/span><span data-ccp-props=\"{&quot;134233117&quot;:true,&quot;134233118&quot;:true}\">\u00a0<\/span><\/p>\t\t\t\t\t\t\t\t<\/div>\n\t\t\t\t<\/div>\n\t\t\t\t\t<\/div>\n\t\t<\/div>\n\t\t\t\t\t\t<\/div>\n\t\t\t\t<div class=\"elementor-element elementor-element-56b936e elementor-widget elementor-widget-text-editor\" data-id=\"56b936e\" data-element_type=\"widget\" data-e-type=\"widget\" data-widget_type=\"text-editor.default\">\n\t\t\t\t\t\t\t\t\t<p>From 100 kr<\/p>\t\t\t\t\t\t\t\t<\/div>\n\t\t\t\t<\/div>\n\t\t\t\t\t<\/div>\n\t\t\t\t<\/div>\n\t\t\t\t\t<\/div>\n\t\t\t\t<\/div>\n\t\t\t\t<\/div>","protected":false},"excerpt":{"rendered":"<p>Utleie av brodder Book n\u00e5 Oversikt Detaljer S\u00f8rg for \u00e5 ha godt grep p\u00e5 vinteren n\u00e5r store deler av stien kan v\u00e6re dekket av is og sn\u00f8. Broddene passer fint til alle typer tursko\/fjellsko. Hentested og levering:Adventure\u202fCenter\u202fved start av stien til Preikestolen \u00c5pningstider:08.00-19.00\u202f\u00a0 S\u00f8rg for \u00e5 ha godt grep p\u00e5 vinteren n\u00e5r store deler av [&hellip;]<\/p>\n","protected":false},"author":6,"featured_media":0,"parent":0,"menu_order":0,"comment_status":"closed","ping_status":"closed","template":"elementor_header_footer","meta":{"footnotes":""},"class_list":["post-10762","page","type-page","status-publish","hentry"],"_links":{"self":[{"href":"https:\/\/preikestolenbasecamp.com\/en\/wp-json\/wp\/v2\/pages\/10762","targetHints":{"allow":["GET"]}}],"collection":[{"href":"https:\/\/preikestolenbasecamp.com\/en\/wp-json\/wp\/v2\/pages"}],"about":[{"href":"https:\/\/preikestolenbasecamp.com\/en\/wp-json\/wp\/v2\/types\/page"}],"author":[{"embeddable":true,"href":"https:\/\/preikestolenbasecamp.com\/en\/wp-json\/wp\/v2\/users\/6"}],"replies":[{"embeddable":true,"href":"https:\/\/preikestolenbasecamp.com\/en\/wp-json\/wp\/v2\/comments?post=10762"}],"version-history":[{"count":0,"href":"https:\/\/preikestolenbasecamp.com\/en\/wp-json\/wp\/v2\/pages\/10762\/revisions"}],"wp:attachment":[{"href":"https:\/\/preikestolenbasecamp.com\/en\/wp-json\/wp\/v2\/media?parent=10762"}],"curies":[{"name":"wp","href":"https:\/\/api.w.org\/{rel}","templated":true}]}}