{"id":10758,"date":"2025-12-15T12:12:21","date_gmt":"2025-12-15T12:12:21","guid":{"rendered":"https:\/\/preike-28688.jana-osl.servebolt.cloud\/?page_id=10758"},"modified":"2026-02-26T04:54:32","modified_gmt":"2026-02-26T04:54:32","slug":"utleie-av-turstaver","status":"publish","type":"page","link":"https:\/\/preikestolenbasecamp.com\/en\/utleie-av-turstaver\/","title":{"rendered":"Hiking pole hire"},"content":{"rendered":"\t\t<div data-elementor-type=\"wp-page\" data-elementor-id=\"10758\" class=\"elementor elementor-10758\" data-elementor-post-type=\"page\">\n\t\t\t\t<div class=\"elementor-element elementor-element-1ffc3dd e-con-full e-flex e-con e-parent\" data-id=\"1ffc3dd\" data-element_type=\"container\" data-e-type=\"container\">\n\t\t<div class=\"elementor-element elementor-element-67cacbb e-con-full e-flex e-con e-child\" data-id=\"67cacbb\" data-element_type=\"container\" data-e-type=\"container\" data-settings=\"{&quot;background_background&quot;:&quot;classic&quot;}\">\n\t\t<div class=\"elementor-element elementor-element-18accfb e-con-full hide-bg-mobile e-flex e-con e-child\" data-id=\"18accfb\" data-element_type=\"container\" data-e-type=\"container\" data-settings=\"{&quot;background_background&quot;:&quot;classic&quot;,&quot;position&quot;:&quot;absolute&quot;}\">\n\t\t\t\t<div class=\"elementor-element elementor-element-0cc002e elementor-widget elementor-widget-heading\" data-id=\"0cc002e\" data-element_type=\"widget\" data-e-type=\"widget\" data-widget_type=\"heading.default\">\n\t\t\t\t\t<h2 class=\"elementor-heading-title elementor-size-default\">Utleie av turstaver\n<\/h2>\t\t\t\t<\/div>\n\t\t\t\t<div class=\"elementor-element elementor-element-70a9beb elementor-widget__width-initial mobile-full-btn elementor-align-justify elementor-widget elementor-widget-button\" data-id=\"70a9beb\" data-element_type=\"widget\" data-e-type=\"widget\" data-widget_type=\"button.default\">\n\t\t\t\t\t\t\t\t\t\t<a class=\"elementor-button elementor-button-link elementor-size-sm\" href=\"https:\/\/picassoonline.techotel.dk\/no\/preikestolen-basecamp\/preikestolen-basecamp\/booking\/rooms\/\" target=\"_blank\" rel=\"noopener\">\n\t\t\t\t\t\t<span class=\"elementor-button-content-wrapper\">\n\t\t\t\t\t\t\t\t\t<span class=\"elementor-button-text\">Book n\u00e5            <\/span>\n\t\t\t\t\t<\/span>\n\t\t\t\t\t<\/a>\n\t\t\t\t\t\t\t\t<\/div>\n\t\t\t\t<\/div>\n\t\t\t\t<\/div>\n\t\t\t\t<\/div>\n\t\t<div class=\"elementor-element elementor-element-9730612 e-flex e-con-boxed e-con e-parent\" data-id=\"9730612\" data-element_type=\"container\" data-e-type=\"container\">\n\t\t\t\t\t<div class=\"e-con-inner\">\n\t\t<div class=\"elementor-element elementor-element-727e0cd e-flex e-con-boxed e-con e-child\" data-id=\"727e0cd\" data-element_type=\"container\" data-e-type=\"container\">\n\t\t\t\t\t<div class=\"e-con-inner\">\n\t\t<div class=\"elementor-element elementor-element-e9c9fcc   e-con-full e-flex e-con e-child\" data-id=\"e9c9fcc\" data-element_type=\"container\" data-e-type=\"container\" data-settings=\"{&quot;background_background&quot;:&quot;classic&quot;}\">\n\t\t\t\t<div class=\"elementor-element elementor-element-bf815c4 image-frame elementor-widget elementor-widget-image\" data-id=\"bf815c4\" data-element_type=\"widget\" data-e-type=\"widget\" data-widget_type=\"image.default\">\n\t\t\t\t\t\t\t\t\t\t\t\t\t\t\t<img fetchpriority=\"high\" decoding=\"async\" width=\"591\" height=\"1024\" src=\"https:\/\/preikestolenbasecamp.com\/wp-content\/uploads\/2025\/12\/Staver-591x1024.png\" class=\"attachment-large size-large wp-image-11403\" alt=\"\" srcset=\"https:\/\/preikestolenbasecamp.com\/wp-content\/uploads\/2025\/12\/Staver-591x1024.png 591w, https:\/\/preikestolenbasecamp.com\/wp-content\/uploads\/2025\/12\/Staver-173x300.png 173w, https:\/\/preikestolenbasecamp.com\/wp-content\/uploads\/2025\/12\/Staver-768x1330.png 768w, https:\/\/preikestolenbasecamp.com\/wp-content\/uploads\/2025\/12\/Staver-887x1536.png 887w, https:\/\/preikestolenbasecamp.com\/wp-content\/uploads\/2025\/12\/Staver.png 916w\" sizes=\"(max-width: 591px) 100vw, 591px\" \/>\t\t\t\t\t\t\t\t\t\t\t\t\t\t\t<\/div>\n\t\t\t\t<\/div>\n\t\t<div class=\"elementor-element elementor-element-dff1cb1 e-con-full e-flex e-con e-child\" data-id=\"dff1cb1\" data-element_type=\"container\" data-e-type=\"container\">\n\t\t\t\t<div class=\"elementor-element elementor-element-1ca8eb7 custom-tabs  custom-tabs-row e-n-tabs-mobile elementor-widget elementor-widget-n-tabs\" data-id=\"1ca8eb7\" data-element_type=\"widget\" data-e-type=\"widget\" data-settings=\"{&quot;tabs_justify_horizontal&quot;:&quot;start&quot;,&quot;horizontal_scroll&quot;:&quot;disable&quot;}\" data-widget_type=\"nested-tabs.default\">\n\t\t\t\t\t\t\t<div class=\"e-n-tabs\" data-widget-number=\"30052023\" aria-label=\"Fanene. \u00c5pne elementer med Enter eller Mellomrom, lukk med Escape og naviger ved hjelp av piltastene.\">\n\t\t\t<div class=\"e-n-tabs-heading\" role=\"tablist\">\n\t\t\t\t\t<button id=\"e-n-tab-title-300520231\" data-tab-title-id=\"e-n-tab-title-300520231\" class=\"e-n-tab-title\" aria-selected=\"true\" data-tab-index=\"1\" role=\"tab\" tabindex=\"0\" aria-controls=\"e-n-tab-content-300520231\" style=\"--n-tabs-title-order: 1;\">\n\t\t\t\t\t\t<span class=\"e-n-tab-title-text\">\n\t\t\t\tOversikt\t\t\t<\/span>\n\t\t<\/button>\n\t\t\t\t<button id=\"e-n-tab-title-300520232\" data-tab-title-id=\"e-n-tab-title-300520232\" class=\"e-n-tab-title\" aria-selected=\"false\" data-tab-index=\"2\" role=\"tab\" tabindex=\"-1\" aria-controls=\"e-n-tab-content-300520232\" style=\"--n-tabs-title-order: 2;\">\n\t\t\t\t\t\t<span class=\"e-n-tab-title-text\">\n\t\t\t\tDetaljer\t\t\t<\/span>\n\t\t<\/button>\n\t\t\t\t\t<\/div>\n\t\t\t<div class=\"e-n-tabs-content\">\n\t\t\t\t<div id=\"e-n-tab-content-300520231\" role=\"tabpanel\" aria-labelledby=\"e-n-tab-title-300520231\" data-tab-index=\"1\" style=\"--n-tabs-title-order: 1;\" class=\"e-active elementor-element elementor-element-b29c1fa e-con-full e-flex e-con e-child\" data-id=\"b29c1fa\" data-element_type=\"container\" data-e-type=\"container\">\n\t\t\t\t<div class=\"elementor-element elementor-element-a31d6e1 elementor-widget elementor-widget-text-editor\" data-id=\"a31d6e1\" data-element_type=\"widget\" data-e-type=\"widget\" data-widget_type=\"text-editor.default\">\n\t\t\t\t\t\t\t\t\t<p><span class=\"TextRun SCXW246765481 BCX9\" data-contrast=\"auto\"><span class=\"NormalTextRun SCXW246765481 BCX9\" data-ccp-charstyle=\"normaltextrun\" data-ccp-charstyle-defn=\"{&quot;ObjectId&quot;:&quot;51a9b5af-a0a1-4dee-9dab-2881610358f8|6&quot;,&quot;ClassId&quot;:1073872969,&quot;Properties&quot;:[134233614,&quot;true&quot;,201340122,&quot;1&quot;,469775450,&quot;normaltextrun&quot;,469778129,&quot;normaltextrun&quot;,469778324,&quot;Default Paragraph Font&quot;]}\">Vi anbefaler turstaver for turen opp og ned til Preikestolen<\/span><span class=\"NormalTextRun SCXW246765481 BCX9\" data-ccp-charstyle=\"normaltextrun\">,<\/span><span class=\"NormalTextRun SCXW246765481 BCX9\" data-ccp-charstyle=\"normaltextrun\">\u00a0eller andre turer. V\u00e5re turstaver er lette og justerbare etter h\u00f8yde. Stavene hjelper med \u00e5 avlaste ben og kn\u00e6r.\u202f<\/span><span class=\"NormalTextRun SCXW246765481 BCX9\" data-ccp-charstyle=\"eop\" data-ccp-charstyle-defn=\"{&quot;ObjectId&quot;:&quot;51a9b5af-a0a1-4dee-9dab-2881610358f8|7&quot;,&quot;ClassId&quot;:1073872969,&quot;Properties&quot;:[134233614,&quot;true&quot;,201340122,&quot;1&quot;,469775450,&quot;eop&quot;,469778129,&quot;eop&quot;,469778324,&quot;Default Paragraph Font&quot;]}\">\u202f<\/span><\/span><span class=\"EOP SCXW246765481 BCX9\" data-ccp-props=\"{&quot;134233117&quot;:true,&quot;134233118&quot;:true}\">\u00a0<\/span><\/p>\t\t\t\t\t\t\t\t<\/div>\n\t\t\t\t<\/div>\n\t\t<div id=\"e-n-tab-content-300520232\" role=\"tabpanel\" aria-labelledby=\"e-n-tab-title-300520232\" data-tab-index=\"2\" style=\"--n-tabs-title-order: 2;\" class=\" elementor-element elementor-element-f3131d0 e-con-full e-flex e-con e-child\" data-id=\"f3131d0\" data-element_type=\"container\" data-e-type=\"container\">\n\t\t\t\t<div class=\"elementor-element elementor-element-27f27ab elementor-widget elementor-widget-text-editor\" data-id=\"27f27ab\" data-element_type=\"widget\" data-e-type=\"widget\" data-widget_type=\"text-editor.default\">\n\t\t\t\t\t\t\t\t\t<p><span data-contrast=\"auto\"><strong>Hentested og levering:<br \/><\/strong>Adventure\u202f<\/span><span data-contrast=\"auto\">C<\/span><span data-contrast=\"auto\">enter\u202fved start av stien til Preikestolen<\/span><\/p><p><span data-contrast=\"auto\"><b>Vi har drop box for levering etter stengetid<\/b><\/span><\/p>\t\t\t\t\t\t\t\t<\/div>\n\t\t\t\t<\/div>\n\t\t\t\t\t<\/div>\n\t\t<\/div>\n\t\t\t\t\t\t<\/div>\n\t\t\t\t<div class=\"elementor-element elementor-element-ae216d8 elementor-widget elementor-widget-text-editor\" data-id=\"ae216d8\" data-element_type=\"widget\" data-e-type=\"widget\" data-widget_type=\"text-editor.default\">\n\t\t\t\t\t\t\t\t\t<p><span dir=\"auto\" style=\"vertical-align: inherit;\"><span dir=\"auto\" style=\"vertical-align: inherit;\"><span dir=\"auto\" style=\"vertical-align: inherit;\"><span dir=\"auto\" style=\"vertical-align: inherit;\"><span dir=\"auto\" style=\"vertical-align: inherit;\"><span dir=\"auto\" style=\"vertical-align: inherit;\">Fra 100 kr<\/span><\/span><\/span><\/span><\/span><\/span><\/p>\t\t\t\t\t\t\t\t<\/div>\n\t\t\t\t<\/div>\n\t\t\t\t\t<\/div>\n\t\t\t\t<\/div>\n\t\t\t\t\t<\/div>\n\t\t\t\t<\/div>\n\t\t\t\t<\/div>\n\t\t","protected":false},"excerpt":{"rendered":"<p>Utleie av turstaver Book n\u00e5 Oversikt Detaljer Vi anbefaler turstaver for turen opp og ned til Preikestolen,\u00a0eller andre turer. V\u00e5re turstaver er lette og justerbare etter h\u00f8yde. Stavene hjelper med \u00e5 avlaste ben og kn\u00e6r. Hentested og levering: Adventure\u202fCenter\u202fved start av stien til Preikestolen Vi har drop box for levering etter stengetid Vi anbefaler turstaver [&hellip;]<\/p>\n","protected":false},"author":6,"featured_media":0,"parent":0,"menu_order":0,"comment_status":"closed","ping_status":"closed","template":"elementor_header_footer","meta":{"footnotes":""},"class_list":["post-10758","page","type-page","status-publish","hentry"],"_links":{"self":[{"href":"https:\/\/preikestolenbasecamp.com\/en\/wp-json\/wp\/v2\/pages\/10758","targetHints":{"allow":["GET"]}}],"collection":[{"href":"https:\/\/preikestolenbasecamp.com\/en\/wp-json\/wp\/v2\/pages"}],"about":[{"href":"https:\/\/preikestolenbasecamp.com\/en\/wp-json\/wp\/v2\/types\/page"}],"author":[{"embeddable":true,"href":"https:\/\/preikestolenbasecamp.com\/en\/wp-json\/wp\/v2\/users\/6"}],"replies":[{"embeddable":true,"href":"https:\/\/preikestolenbasecamp.com\/en\/wp-json\/wp\/v2\/comments?post=10758"}],"version-history":[{"count":1,"href":"https:\/\/preikestolenbasecamp.com\/en\/wp-json\/wp\/v2\/pages\/10758\/revisions"}],"predecessor-version":[{"id":15839,"href":"https:\/\/preikestolenbasecamp.com\/en\/wp-json\/wp\/v2\/pages\/10758\/revisions\/15839"}],"wp:attachment":[{"href":"https:\/\/preikestolenbasecamp.com\/en\/wp-json\/wp\/v2\/media?parent=10758"}],"curies":[{"name":"wp","href":"https:\/\/api.w.org\/{rel}","templated":true}]}}