{"id":10750,"date":"2025-12-15T11:55:01","date_gmt":"2025-12-15T11:55:01","guid":{"rendered":"https:\/\/preike-28688.jana-osl.servebolt.cloud\/?page_id=10750"},"modified":"2025-12-31T09:26:29","modified_gmt":"2025-12-31T09:26:29","slug":"utleie-av-turbukse","status":"publish","type":"page","link":"https:\/\/preikestolenbasecamp.com\/en\/utleie-av-turbukse\/","title":{"rendered":"Rental of hiking trousers"},"content":{"rendered":"<div data-elementor-type=\"wp-page\" data-elementor-id=\"10750\" class=\"elementor elementor-10750\" data-elementor-post-type=\"page\">\n\t\t\t\t<div class=\"elementor-element elementor-element-ec8f271 e-con-full e-flex e-con e-parent\" data-id=\"ec8f271\" data-element_type=\"container\" data-e-type=\"container\">\n\t\t<div class=\"elementor-element elementor-element-761a38b e-con-full e-flex e-con e-child\" data-id=\"761a38b\" data-element_type=\"container\" data-e-type=\"container\" data-settings=\"{&quot;background_background&quot;:&quot;classic&quot;}\">\n\t\t<div class=\"elementor-element elementor-element-7c44659 e-con-full hide-bg-mobile e-flex e-con e-child\" data-id=\"7c44659\" data-element_type=\"container\" data-e-type=\"container\" data-settings=\"{&quot;background_background&quot;:&quot;classic&quot;,&quot;position&quot;:&quot;absolute&quot;}\">\n\t\t\t\t<div class=\"elementor-element elementor-element-98105f2 elementor-widget elementor-widget-heading\" data-id=\"98105f2\" data-element_type=\"widget\" data-e-type=\"widget\" data-widget_type=\"heading.default\">\n\t\t\t\t\t<h2 class=\"elementor-heading-title elementor-size-default\">Rental of hiking trousers\n<\/h2>\t\t\t\t<\/div>\n\t\t\t\t<div class=\"elementor-element elementor-element-2750444 elementor-widget__width-initial mobile-full-btn elementor-align-justify elementor-widget elementor-widget-button\" data-id=\"2750444\" data-element_type=\"widget\" data-e-type=\"widget\" data-widget_type=\"button.default\">\n\t\t\t\t\t\t\t\t\t\t<a class=\"elementor-button elementor-button-link elementor-size-sm\" href=\"https:\/\/picassoonline.techotel.dk\/no\/preikestolen-basecamp\/preikestolen-basecamp\/booking\/rooms\/\" target=\"_blank\" rel=\"noopener\">\n\t\t\t\t\t\t<span class=\"elementor-button-content-wrapper\">\n\t\t\t\t\t\t\t\t\t<span class=\"elementor-button-text\">Book now            <\/span>\n\t\t\t\t\t<\/span>\n\t\t\t\t\t<\/a>\n\t\t\t\t\t\t\t\t<\/div>\n\t\t\t\t<\/div>\n\t\t\t\t<\/div>\n\t\t\t\t<\/div>\n\t\t<div class=\"elementor-element elementor-element-0dc03d6 e-flex e-con-boxed e-con e-parent\" data-id=\"0dc03d6\" data-element_type=\"container\" data-e-type=\"container\">\n\t\t\t\t\t<div class=\"e-con-inner\">\n\t\t<div class=\"elementor-element elementor-element-0d94bc6 e-flex e-con-boxed e-con e-child\" data-id=\"0d94bc6\" data-element_type=\"container\" data-e-type=\"container\">\n\t\t\t\t\t<div class=\"e-con-inner\">\n\t\t<div class=\"elementor-element elementor-element-50e598d   e-con-full e-flex e-con e-child\" data-id=\"50e598d\" data-element_type=\"container\" data-e-type=\"container\" data-settings=\"{&quot;background_background&quot;:&quot;classic&quot;}\">\n\t\t\t\t<div class=\"elementor-element elementor-element-cf6f592 image-frame elementor-widget elementor-widget-image\" data-id=\"cf6f592\" data-element_type=\"widget\" data-e-type=\"widget\" data-widget_type=\"image.default\">\n\t\t\t\t\t\t\t\t\t\t\t\t\t\t\t<img fetchpriority=\"high\" decoding=\"async\" width=\"653\" height=\"1024\" src=\"https:\/\/preikestolenbasecamp.com\/wp-content\/uploads\/2025\/12\/Bukse-653x1024.png\" class=\"attachment-large size-large wp-image-11408\" alt=\"\" srcset=\"https:\/\/preikestolenbasecamp.com\/wp-content\/uploads\/2025\/12\/Bukse-653x1024.png 653w, https:\/\/preikestolenbasecamp.com\/wp-content\/uploads\/2025\/12\/Bukse-191x300.png 191w, https:\/\/preikestolenbasecamp.com\/wp-content\/uploads\/2025\/12\/Bukse-768x1204.png 768w, https:\/\/preikestolenbasecamp.com\/wp-content\/uploads\/2025\/12\/Bukse-979x1536.png 979w, https:\/\/preikestolenbasecamp.com\/wp-content\/uploads\/2025\/12\/Bukse.png 1010w\" sizes=\"(max-width: 653px) 100vw, 653px\" \/>\t\t\t\t\t\t\t\t\t\t\t\t\t\t\t<\/div>\n\t\t\t\t<\/div>\n\t\t<div class=\"elementor-element elementor-element-bbe2c04 e-con-full e-flex e-con e-child\" data-id=\"bbe2c04\" data-element_type=\"container\" data-e-type=\"container\">\n\t\t\t\t<div class=\"elementor-element elementor-element-92a0bff custom-tabs  custom-tabs-row e-n-tabs-mobile elementor-widget elementor-widget-n-tabs\" data-id=\"92a0bff\" data-element_type=\"widget\" data-e-type=\"widget\" data-settings=\"{&quot;tabs_justify_horizontal&quot;:&quot;start&quot;,&quot;horizontal_scroll&quot;:&quot;disable&quot;}\" data-widget_type=\"nested-tabs.default\">\n\t\t\t\t\t\t\t<div class=\"e-n-tabs\" data-widget-number=\"153750527\" aria-label=\"Interact with elements using Enter or Space, close with Escape and navigate using the arrow keys.\">\n\t\t\t<div class=\"e-n-tabs-heading\" role=\"tablist\">\n\t\t\t\t\t<button id=\"e-n-tab-title-1537505271\" data-tab-title-id=\"e-n-tab-title-1537505271\" class=\"e-n-tab-title\" aria-selected=\"true\" data-tab-index=\"1\" role=\"tab\" tabindex=\"0\" aria-controls=\"e-n-tab-content-1537505271\" style=\"--n-tabs-title-order: 1;\">\n\t\t\t\t\t\t<span class=\"e-n-tab-title-text\">\n\t\t\t\tOverview\t\t\t<\/span>\n\t\t<\/button>\n\t\t\t\t<button id=\"e-n-tab-title-1537505272\" data-tab-title-id=\"e-n-tab-title-1537505272\" class=\"e-n-tab-title\" aria-selected=\"false\" data-tab-index=\"2\" role=\"tab\" tabindex=\"-1\" aria-controls=\"e-n-tab-content-1537505272\" style=\"--n-tabs-title-order: 2;\">\n\t\t\t\t\t\t<span class=\"e-n-tab-title-text\">\n\t\t\t\t Details\t\t\t<\/span>\n\t\t<\/button>\n\t\t\t\t\t<\/div>\n\t\t\t<div class=\"e-n-tabs-content\">\n\t\t\t\t<div id=\"e-n-tab-content-1537505271\" role=\"tabpanel\" aria-labelledby=\"e-n-tab-title-1537505271\" data-tab-index=\"1\" style=\"--n-tabs-title-order: 1;\" class=\"e-active elementor-element elementor-element-46907e0 e-con-full e-flex e-con e-child\" data-id=\"46907e0\" data-element_type=\"container\" data-e-type=\"container\">\n\t\t\t\t<div class=\"elementor-element elementor-element-d168320 elementor-widget elementor-widget-text-editor\" data-id=\"d168320\" data-element_type=\"widget\" data-e-type=\"widget\" data-widget_type=\"text-editor.default\">\n\t\t\t\t\t\t\t\t\t<p>Rent a pair of rain trousers from us to protect you from the elements. We have models from Bergans and Skogstad.<\/p>\t\t\t\t\t\t\t\t<\/div>\n\t\t\t\t<\/div>\n\t\t<div id=\"e-n-tab-content-1537505272\" role=\"tabpanel\" aria-labelledby=\"e-n-tab-title-1537505272\" data-tab-index=\"2\" style=\"--n-tabs-title-order: 2;\" class=\"elementor-element elementor-element-68268a5 e-con-full e-flex e-con e-child\" data-id=\"68268a5\" data-element_type=\"container\" data-e-type=\"container\">\n\t\t\t\t<div class=\"elementor-element elementor-element-fbdd84b elementor-widget elementor-widget-text-editor\" data-id=\"fbdd84b\" data-element_type=\"widget\" data-e-type=\"widget\" data-widget_type=\"text-editor.default\">\n\t\t\t\t\t\t\t\t\t<p><strong>Available sizes<\/strong>:<br \/>Children: 8-12 years<br \/>Adult: XS - XXXL<\/p><p><strong>Pick-up location and delivery:<\/strong><br \/>Adventure Centre at the start of the trail to Preikestolen<\/p><p><b>We have a drop box for after-hours delivery<\/b><\/p>\t\t\t\t\t\t\t\t<\/div>\n\t\t\t\t<\/div>\n\t\t\t\t\t<\/div>\n\t\t<\/div>\n\t\t\t\t\t\t<\/div>\n\t\t\t\t<div class=\"elementor-element elementor-element-8e46e34 elementor-widget elementor-widget-text-editor\" data-id=\"8e46e34\" data-element_type=\"widget\" data-e-type=\"widget\" data-widget_type=\"text-editor.default\">\n\t\t\t\t\t\t\t\t\t<p><span dir=\"auto\" style=\"vertical-align: inherit;\"><span dir=\"auto\" style=\"vertical-align: inherit;\"><span dir=\"auto\" style=\"vertical-align: inherit;\"><span dir=\"auto\" style=\"vertical-align: inherit;\"><span dir=\"auto\" style=\"vertical-align: inherit;\"><span dir=\"auto\" style=\"vertical-align: inherit;\"><span dir=\"auto\" style=\"vertical-align: inherit;\"><span dir=\"auto\" style=\"vertical-align: inherit;\"><span dir=\"auto\" style=\"vertical-align: inherit;\"><span dir=\"auto\" style=\"vertical-align: inherit;\">From 150 kr<\/span><\/span><\/span><\/span><\/span><\/span><\/span><\/span><\/span><\/span><\/p>\t\t\t\t\t\t\t\t<\/div>\n\t\t\t\t<\/div>\n\t\t\t\t\t<\/div>\n\t\t\t\t<\/div>\n\t\t\t\t\t<\/div>\n\t\t\t\t<\/div>\n\t\t\t\t<\/div>","protected":false},"excerpt":{"rendered":"<p>Utleie av turbukse Book n\u00e5 Oversikt Detaljer Lei en regnbukse hos oss for \u00e5 beskytte mot v\u00e6r og vind. Vi har modeller fra Bergans og Skogstad. Tilgjengelige st\u00f8rrelser:Barn: 8-12\u202f\u00e5rVoksen: XS \u2013 XXXL\u202f Hentested og levering:Adventure\u202fCenter\u202fved start av stien til Preikestolen Vi har drop box for levering etter stengetid Lei en regnbukse hos oss for \u00e5 [&hellip;]<\/p>\n","protected":false},"author":6,"featured_media":0,"parent":0,"menu_order":0,"comment_status":"closed","ping_status":"closed","template":"elementor_header_footer","meta":{"footnotes":""},"class_list":["post-10750","page","type-page","status-publish","hentry"],"_links":{"self":[{"href":"https:\/\/preikestolenbasecamp.com\/en\/wp-json\/wp\/v2\/pages\/10750","targetHints":{"allow":["GET"]}}],"collection":[{"href":"https:\/\/preikestolenbasecamp.com\/en\/wp-json\/wp\/v2\/pages"}],"about":[{"href":"https:\/\/preikestolenbasecamp.com\/en\/wp-json\/wp\/v2\/types\/page"}],"author":[{"embeddable":true,"href":"https:\/\/preikestolenbasecamp.com\/en\/wp-json\/wp\/v2\/users\/6"}],"replies":[{"embeddable":true,"href":"https:\/\/preikestolenbasecamp.com\/en\/wp-json\/wp\/v2\/comments?post=10750"}],"version-history":[{"count":0,"href":"https:\/\/preikestolenbasecamp.com\/en\/wp-json\/wp\/v2\/pages\/10750\/revisions"}],"wp:attachment":[{"href":"https:\/\/preikestolenbasecamp.com\/en\/wp-json\/wp\/v2\/media?parent=10750"}],"curies":[{"name":"wp","href":"https:\/\/api.w.org\/{rel}","templated":true}]}}